{"id":19529,"date":"2024-06-06T12:44:48","date_gmt":"2024-06-06T12:44:48","guid":{"rendered":"https:\/\/nuba.com\/mx\/?post_type=product&#038;p=19529"},"modified":"2024-06-14T05:54:59","modified_gmt":"2024-06-14T05:54:59","slug":"viaje-espiritual-balines","status":"publish","type":"product","link":"https:\/\/nuba.com\/mx\/product\/viaje-espiritual-balines\/","title":{"rendered":"Viaje Espiritual Balin\u00e9s"},"content":{"rendered":"<p>Disfrutar de un d\u00eda lleno de experiencias diversas: visita a un pueblo tradicional, elaboraci\u00f3n de jamu, y paseo en e-bike por las terrazas de arroz de Jatiluwih.<\/p>\n","protected":false},"excerpt":{"rendered":"<p>Disfrutar de un d\u00eda lleno de experiencias diversas: visita a un pueblo tradicional, elaboraci\u00f3n de jamu, y paseo en e-bike por las terrazas de arroz de Jatiluwih.<\/p>\n","protected":false},"featured_media":19535,"comment_status":"closed","ping_status":"closed","template":"","meta":[],"product_brand":[],"product_cat":[522],"product_tag":[],"class_list":{"0":"post-19529","1":"product","2":"type-product","3":"status-publish","4":"has-post-thumbnail","6":"product_cat-bodas","8":"first","9":"instock","10":"shipping-taxable","11":"purchasable","12":"product-type-variable"},"_links":{"self":[{"href":"https:\/\/nuba.com\/mx\/wp-json\/wp\/v2\/product\/19529","targetHints":{"allow":["GET"]}}],"collection":[{"href":"https:\/\/nuba.com\/mx\/wp-json\/wp\/v2\/product"}],"about":[{"href":"https:\/\/nuba.com\/mx\/wp-json\/wp\/v2\/types\/product"}],"replies":[{"embeddable":true,"href":"https:\/\/nuba.com\/mx\/wp-json\/wp\/v2\/comments?post=19529"}],"wp:featuredmedia":[{"embeddable":true,"href":"https:\/\/nuba.com\/mx\/wp-json\/wp\/v2\/media\/19535"}],"wp:attachment":[{"href":"https:\/\/nuba.com\/mx\/wp-json\/wp\/v2\/media?parent=19529"}],"wp:term":[{"taxonomy":"product_brand","embeddable":true,"href":"https:\/\/nuba.com\/mx\/wp-json\/wp\/v2\/product_brand?post=19529"},{"taxonomy":"product_cat","embeddable":true,"href":"https:\/\/nuba.com\/mx\/wp-json\/wp\/v2\/product_cat?post=19529"},{"taxonomy":"product_tag","embeddable":true,"href":"https:\/\/nuba.com\/mx\/wp-json\/wp\/v2\/product_tag?post=19529"}],"curies":[{"name":"wp","href":"https:\/\/api.w.org\/{rel}","templated":true}]}}