{"id":19440,"date":"2024-06-05T15:17:39","date_gmt":"2024-06-05T15:17:39","guid":{"rendered":"https:\/\/nuba.com\/mx\/?post_type=product&#038;p=19440"},"modified":"2024-06-14T05:55:25","modified_gmt":"2024-06-14T05:55:25","slug":"ceremonia-del-te","status":"publish","type":"product","link":"https:\/\/nuba.com\/mx\/product\/ceremonia-del-te\/","title":{"rendered":"Ceremonia del t\u00e9"},"content":{"rendered":"<p>Experimentaremos el arte del chanoyu en un entorno \u00edntimo y aut\u00e9ntico, aprendiendo sobre las t\u00e9cnicas y rituales ancestrales mientras disfrutas de la serenidad y belleza de esta pr\u00e1ctica milenaria.<\/p>\n","protected":false},"excerpt":{"rendered":"<p>Experimentaremos el arte del chanoyu en un entorno \u00edntimo y aut\u00e9ntico, aprendiendo sobre las t\u00e9cnicas y rituales ancestrales mientras disfrutas de la serenidad y belleza de esta pr\u00e1ctica milenaria.<\/p>\n","protected":false},"featured_media":19446,"comment_status":"closed","ping_status":"closed","template":"","meta":[],"product_brand":[],"product_cat":[522],"product_tag":[],"class_list":{"0":"post-19440","1":"product","2":"type-product","3":"status-publish","4":"has-post-thumbnail","6":"product_cat-bodas","8":"first","9":"instock","10":"shipping-taxable","11":"purchasable","12":"product-type-variable"},"_links":{"self":[{"href":"https:\/\/nuba.com\/mx\/wp-json\/wp\/v2\/product\/19440","targetHints":{"allow":["GET"]}}],"collection":[{"href":"https:\/\/nuba.com\/mx\/wp-json\/wp\/v2\/product"}],"about":[{"href":"https:\/\/nuba.com\/mx\/wp-json\/wp\/v2\/types\/product"}],"replies":[{"embeddable":true,"href":"https:\/\/nuba.com\/mx\/wp-json\/wp\/v2\/comments?post=19440"}],"wp:featuredmedia":[{"embeddable":true,"href":"https:\/\/nuba.com\/mx\/wp-json\/wp\/v2\/media\/19446"}],"wp:attachment":[{"href":"https:\/\/nuba.com\/mx\/wp-json\/wp\/v2\/media?parent=19440"}],"wp:term":[{"taxonomy":"product_brand","embeddable":true,"href":"https:\/\/nuba.com\/mx\/wp-json\/wp\/v2\/product_brand?post=19440"},{"taxonomy":"product_cat","embeddable":true,"href":"https:\/\/nuba.com\/mx\/wp-json\/wp\/v2\/product_cat?post=19440"},{"taxonomy":"product_tag","embeddable":true,"href":"https:\/\/nuba.com\/mx\/wp-json\/wp\/v2\/product_tag?post=19440"}],"curies":[{"name":"wp","href":"https:\/\/api.w.org\/{rel}","templated":true}]}}