{"id":18875,"date":"2024-05-03T10:23:37","date_gmt":"2024-05-03T10:23:37","guid":{"rendered":"https:\/\/nuba.com\/mx\/?post_type=product&#038;p=18875"},"modified":"2024-06-14T06:01:13","modified_gmt":"2024-06-14T06:01:13","slug":"vuelo-privado-en-helicoptero-a-los-12-apostoles","status":"publish","type":"product","link":"https:\/\/nuba.com\/mx\/product\/vuelo-privado-en-helicoptero-a-los-12-apostoles\/","title":{"rendered":"Vuelo privado en helic\u00f3ptero a los 12 Ap\u00f3stoles"},"content":{"rendered":"<p>Sobrevuela la espectacular costa del Parque Nacional de Port Campbell y marav\u00edllate con las impresionantes formaciones rocosas que emergen del oc\u00e9ano. Esta experiencia ofrece vistas inigualables de uno de los paisajes m\u00e1s emblem\u00e1ticos de Australia y te permite disfrutar de la belleza natural de la regi\u00f3n desde una perspectiva \u00fanica.<\/p>\n","protected":false},"excerpt":{"rendered":"<p>Sobrevuela la espectacular costa del Parque Nacional de Port Campbell y marav\u00edllate con las impresionantes formaciones rocosas que emergen del oc\u00e9ano. Esta experiencia ofrece vistas inigualables de uno de los paisajes m\u00e1s emblem\u00e1ticos de Australia y te permite disfrutar de la belleza natural de la regi\u00f3n desde una perspectiva \u00fanica.<\/p>\n","protected":false},"featured_media":18881,"comment_status":"closed","ping_status":"closed","template":"","meta":[],"product_brand":[],"product_cat":[522,177],"product_tag":[593],"class_list":{"0":"post-18875","1":"product","2":"type-product","3":"status-publish","4":"has-post-thumbnail","6":"product_cat-bodas","7":"product_cat-especial-nuba","8":"product_tag-australia","10":"first","11":"instock","12":"shipping-taxable","13":"purchasable","14":"product-type-variable"},"_links":{"self":[{"href":"https:\/\/nuba.com\/mx\/wp-json\/wp\/v2\/product\/18875","targetHints":{"allow":["GET"]}}],"collection":[{"href":"https:\/\/nuba.com\/mx\/wp-json\/wp\/v2\/product"}],"about":[{"href":"https:\/\/nuba.com\/mx\/wp-json\/wp\/v2\/types\/product"}],"replies":[{"embeddable":true,"href":"https:\/\/nuba.com\/mx\/wp-json\/wp\/v2\/comments?post=18875"}],"wp:featuredmedia":[{"embeddable":true,"href":"https:\/\/nuba.com\/mx\/wp-json\/wp\/v2\/media\/18881"}],"wp:attachment":[{"href":"https:\/\/nuba.com\/mx\/wp-json\/wp\/v2\/media?parent=18875"}],"wp:term":[{"taxonomy":"product_brand","embeddable":true,"href":"https:\/\/nuba.com\/mx\/wp-json\/wp\/v2\/product_brand?post=18875"},{"taxonomy":"product_cat","embeddable":true,"href":"https:\/\/nuba.com\/mx\/wp-json\/wp\/v2\/product_cat?post=18875"},{"taxonomy":"product_tag","embeddable":true,"href":"https:\/\/nuba.com\/mx\/wp-json\/wp\/v2\/product_tag?post=18875"}],"curies":[{"name":"wp","href":"https:\/\/api.w.org\/{rel}","templated":true}]}}