{"id":18837,"date":"2024-04-26T09:51:23","date_gmt":"2024-04-26T09:51:23","guid":{"rendered":"https:\/\/nuba.com\/mx\/?post_type=product&#038;p=18837"},"modified":"2024-06-14T06:01:32","modified_gmt":"2024-06-14T06:01:32","slug":"sobrevuelo-en-helicoptero-de-la-laguna-de-bora-bora","status":"publish","type":"product","link":"https:\/\/nuba.com\/mx\/product\/sobrevuelo-en-helicoptero-de-la-laguna-de-bora-bora\/","title":{"rendered":"Sobrevuelo en helic\u00f3ptero de la laguna de Bora Bora"},"content":{"rendered":"<p>Dejarse llevar por la magia de Bora Bora en un inolvidable vuelo en helic\u00f3ptero. Experimentar la magnificencia de esta isla paradis\u00edaca desde una perspectiva \u00fanica con vistas impresionantes de los arrecifes de coral, las monta\u00f1as volc\u00e1nicas y los hermosos motus que rodean la laguna.<\/p>\n","protected":false},"excerpt":{"rendered":"<p>Dejarse llevar por la magia de Bora Bora en un inolvidable vuelo en helic\u00f3ptero. Experimentar la magnificencia de esta isla paradis\u00edaca desde una perspectiva \u00fanica con vistas impresionantes de los arrecifes de coral, las monta\u00f1as volc\u00e1nicas y los hermosos motus que rodean la laguna.<\/p>\n","protected":false},"featured_media":18849,"comment_status":"closed","ping_status":"closed","template":"","meta":[],"product_brand":[],"product_cat":[522,177],"product_tag":[],"class_list":{"0":"post-18837","1":"product","2":"type-product","3":"status-publish","4":"has-post-thumbnail","6":"product_cat-bodas","7":"product_cat-especial-nuba","9":"first","10":"instock","11":"shipping-taxable","12":"purchasable","13":"product-type-variable"},"_links":{"self":[{"href":"https:\/\/nuba.com\/mx\/wp-json\/wp\/v2\/product\/18837","targetHints":{"allow":["GET"]}}],"collection":[{"href":"https:\/\/nuba.com\/mx\/wp-json\/wp\/v2\/product"}],"about":[{"href":"https:\/\/nuba.com\/mx\/wp-json\/wp\/v2\/types\/product"}],"replies":[{"embeddable":true,"href":"https:\/\/nuba.com\/mx\/wp-json\/wp\/v2\/comments?post=18837"}],"wp:featuredmedia":[{"embeddable":true,"href":"https:\/\/nuba.com\/mx\/wp-json\/wp\/v2\/media\/18849"}],"wp:attachment":[{"href":"https:\/\/nuba.com\/mx\/wp-json\/wp\/v2\/media?parent=18837"}],"wp:term":[{"taxonomy":"product_brand","embeddable":true,"href":"https:\/\/nuba.com\/mx\/wp-json\/wp\/v2\/product_brand?post=18837"},{"taxonomy":"product_cat","embeddable":true,"href":"https:\/\/nuba.com\/mx\/wp-json\/wp\/v2\/product_cat?post=18837"},{"taxonomy":"product_tag","embeddable":true,"href":"https:\/\/nuba.com\/mx\/wp-json\/wp\/v2\/product_tag?post=18837"}],"curies":[{"name":"wp","href":"https:\/\/api.w.org\/{rel}","templated":true}]}}