{"id":18418,"date":"2024-04-16T08:23:57","date_gmt":"2024-04-16T08:23:57","guid":{"rendered":"https:\/\/nuba.com\/mx\/?post_type=product&#038;p=18418"},"modified":"2024-06-14T06:02:09","modified_gmt":"2024-06-14T06:02:09","slug":"descubre-lijiang-en-exclusiva","status":"publish","type":"product","link":"https:\/\/nuba.com\/mx\/product\/descubre-lijiang-en-exclusiva\/","title":{"rendered":"Descubre Lijiang en exclusiva"},"content":{"rendered":"<p>Explora en privado y con acceso exclusivo los callejones hist\u00f3ricos, los canales y los puentes arqueados del Casco Antiguo de Lijiang y descubre la arquitectura y artesan\u00edas Nakhi con la siempre presente Monta\u00f1a de Nieve del Drag\u00f3n de Jade en el horizonte.<\/p>\n","protected":false},"excerpt":{"rendered":"<p>Explora en privado y con acceso exclusivo los callejones hist\u00f3ricos, los canales y los puentes arqueados del Casco Antiguo de Lijiang y descubre la arquitectura y artesan\u00edas Nakhi con la siempre presente Monta\u00f1a de Nieve del Drag\u00f3n de Jade en el horizonte.<\/p>\n","protected":false},"featured_media":18424,"comment_status":"closed","ping_status":"closed","template":"","meta":[],"product_brand":[],"product_cat":[522,177],"product_tag":[],"class_list":{"0":"post-18418","1":"product","2":"type-product","3":"status-publish","4":"has-post-thumbnail","6":"product_cat-bodas","7":"product_cat-especial-nuba","9":"first","10":"instock","11":"shipping-taxable","12":"purchasable","13":"product-type-variable"},"_links":{"self":[{"href":"https:\/\/nuba.com\/mx\/wp-json\/wp\/v2\/product\/18418","targetHints":{"allow":["GET"]}}],"collection":[{"href":"https:\/\/nuba.com\/mx\/wp-json\/wp\/v2\/product"}],"about":[{"href":"https:\/\/nuba.com\/mx\/wp-json\/wp\/v2\/types\/product"}],"replies":[{"embeddable":true,"href":"https:\/\/nuba.com\/mx\/wp-json\/wp\/v2\/comments?post=18418"}],"wp:featuredmedia":[{"embeddable":true,"href":"https:\/\/nuba.com\/mx\/wp-json\/wp\/v2\/media\/18424"}],"wp:attachment":[{"href":"https:\/\/nuba.com\/mx\/wp-json\/wp\/v2\/media?parent=18418"}],"wp:term":[{"taxonomy":"product_brand","embeddable":true,"href":"https:\/\/nuba.com\/mx\/wp-json\/wp\/v2\/product_brand?post=18418"},{"taxonomy":"product_cat","embeddable":true,"href":"https:\/\/nuba.com\/mx\/wp-json\/wp\/v2\/product_cat?post=18418"},{"taxonomy":"product_tag","embeddable":true,"href":"https:\/\/nuba.com\/mx\/wp-json\/wp\/v2\/product_tag?post=18418"}],"curies":[{"name":"wp","href":"https:\/\/api.w.org\/{rel}","templated":true}]}}