{"id":18285,"date":"2024-04-05T08:04:50","date_gmt":"2024-04-05T08:04:50","guid":{"rendered":"https:\/\/nuba.com\/mx\/?post_type=product&#038;p=18285"},"modified":"2024-06-14T08:22:43","modified_gmt":"2024-06-14T08:22:43","slug":"descubriendo-nikko","status":"publish","type":"product","link":"https:\/\/nuba.com\/mx\/product\/descubriendo-nikko\/","title":{"rendered":"Descubriendo Nikko"},"content":{"rendered":"<p>Adentrarse en un viaje lleno de espiritualidad, naturaleza y arquitectura impresionante como T\u014dsh\u014d-g\u016b, o el mausoleo del famoso shog\u00fan Tokugawa Ieyasu.<\/p>\n","protected":false},"excerpt":{"rendered":"<p>Adentrarse en un viaje lleno de espiritualidad, naturaleza y arquitectura impresionante como T\u014dsh\u014d-g\u016b, o el mausoleo del famoso shog\u00fan Tokugawa Ieyasu.<\/p>\n","protected":false},"featured_media":18041,"comment_status":"closed","ping_status":"closed","template":"","meta":[],"product_brand":[],"product_cat":[522,177],"product_tag":[],"class_list":{"0":"post-18285","1":"product","2":"type-product","3":"status-publish","4":"has-post-thumbnail","6":"product_cat-bodas","7":"product_cat-especial-nuba","9":"first","10":"instock","11":"shipping-taxable","12":"purchasable","13":"product-type-variable"},"_links":{"self":[{"href":"https:\/\/nuba.com\/mx\/wp-json\/wp\/v2\/product\/18285","targetHints":{"allow":["GET"]}}],"collection":[{"href":"https:\/\/nuba.com\/mx\/wp-json\/wp\/v2\/product"}],"about":[{"href":"https:\/\/nuba.com\/mx\/wp-json\/wp\/v2\/types\/product"}],"replies":[{"embeddable":true,"href":"https:\/\/nuba.com\/mx\/wp-json\/wp\/v2\/comments?post=18285"}],"wp:featuredmedia":[{"embeddable":true,"href":"https:\/\/nuba.com\/mx\/wp-json\/wp\/v2\/media\/18041"}],"wp:attachment":[{"href":"https:\/\/nuba.com\/mx\/wp-json\/wp\/v2\/media?parent=18285"}],"wp:term":[{"taxonomy":"product_brand","embeddable":true,"href":"https:\/\/nuba.com\/mx\/wp-json\/wp\/v2\/product_brand?post=18285"},{"taxonomy":"product_cat","embeddable":true,"href":"https:\/\/nuba.com\/mx\/wp-json\/wp\/v2\/product_cat?post=18285"},{"taxonomy":"product_tag","embeddable":true,"href":"https:\/\/nuba.com\/mx\/wp-json\/wp\/v2\/product_tag?post=18285"}],"curies":[{"name":"wp","href":"https:\/\/api.w.org\/{rel}","templated":true}]}}