{"id":18184,"date":"2024-04-04T16:04:01","date_gmt":"2024-04-04T16:04:01","guid":{"rendered":"https:\/\/nuba.com\/mx\/?post_type=product&#038;p=18184"},"modified":"2024-06-14T08:23:27","modified_gmt":"2024-06-14T08:23:27","slug":"conoce-rodas-y-su-ciudad-medieval","status":"publish","type":"product","link":"https:\/\/nuba.com\/mx\/product\/conoce-rodas-y-su-ciudad-medieval\/","title":{"rendered":"Conoce Rodas y su ciudad medieval"},"content":{"rendered":"<p>Descubrir la isla de Rodas y sum\u00e9rgete en la historia de su impresionante ciudad medieval. Vivir una experiencia \u00fanica recorriendo sus calles empedradas y monumentos hist\u00f3ricos.<\/p>\n","protected":false},"excerpt":{"rendered":"<p>Descubrir la isla de Rodas y sum\u00e9rgete en la historia de su impresionante ciudad medieval. Vivir una experiencia \u00fanica recorriendo sus calles empedradas y monumentos hist\u00f3ricos.<\/p>\n","protected":false},"featured_media":18202,"comment_status":"closed","ping_status":"closed","template":"","meta":[],"product_brand":[],"product_cat":[522,177],"product_tag":[],"class_list":{"0":"post-18184","1":"product","2":"type-product","3":"status-publish","4":"has-post-thumbnail","6":"product_cat-bodas","7":"product_cat-especial-nuba","9":"first","10":"instock","11":"shipping-taxable","12":"purchasable","13":"product-type-variable"},"_links":{"self":[{"href":"https:\/\/nuba.com\/mx\/wp-json\/wp\/v2\/product\/18184","targetHints":{"allow":["GET"]}}],"collection":[{"href":"https:\/\/nuba.com\/mx\/wp-json\/wp\/v2\/product"}],"about":[{"href":"https:\/\/nuba.com\/mx\/wp-json\/wp\/v2\/types\/product"}],"replies":[{"embeddable":true,"href":"https:\/\/nuba.com\/mx\/wp-json\/wp\/v2\/comments?post=18184"}],"wp:featuredmedia":[{"embeddable":true,"href":"https:\/\/nuba.com\/mx\/wp-json\/wp\/v2\/media\/18202"}],"wp:attachment":[{"href":"https:\/\/nuba.com\/mx\/wp-json\/wp\/v2\/media?parent=18184"}],"wp:term":[{"taxonomy":"product_brand","embeddable":true,"href":"https:\/\/nuba.com\/mx\/wp-json\/wp\/v2\/product_brand?post=18184"},{"taxonomy":"product_cat","embeddable":true,"href":"https:\/\/nuba.com\/mx\/wp-json\/wp\/v2\/product_cat?post=18184"},{"taxonomy":"product_tag","embeddable":true,"href":"https:\/\/nuba.com\/mx\/wp-json\/wp\/v2\/product_tag?post=18184"}],"curies":[{"name":"wp","href":"https:\/\/api.w.org\/{rel}","templated":true}]}}