{"id":840,"date":"2023-03-09T04:12:32","date_gmt":"2023-03-09T04:12:32","guid":{"rendered":"https:\/\/nuba.com\/mx\/?page_id=840"},"modified":"2025-05-28T18:59:45","modified_gmt":"2025-05-28T18:59:45","slug":"compromiso-sostenible","status":"publish","type":"page","link":"https:\/\/nuba.com\/mx\/compromiso-sostenible\/","title":{"rendered":"Sostenibilidad"},"content":{"rendered":"\t\t<div data-elementor-type=\"wp-page\" data-elementor-id=\"840\" class=\"elementor elementor-840\" data-elementor-post-type=\"page\">\n\t\t\t\t\t\t<section class=\"elementor-section elementor-top-section elementor-element elementor-element-ae98ebe elementor-section-boxed elementor-section-height-default elementor-section-height-default\" data-id=\"ae98ebe\" data-element_type=\"section\" data-e-type=\"section\" data-settings=\"{&quot;background_background&quot;:&quot;classic&quot;}\">\n\t\t\t\t\t\t<div class=\"elementor-container elementor-column-gap-no\">\n\t\t\t\t\t<div class=\"elementor-column elementor-col-100 elementor-top-column elementor-element elementor-element-c8c7864\" data-id=\"c8c7864\" data-element_type=\"column\" data-e-type=\"column\">\n\t\t\t<div class=\"elementor-widget-wrap elementor-element-populated\">\n\t\t\t\t\t\t<div class=\"elementor-element elementor-element-7a64e23 elementor-widget__width-auto elementor-hidden-mobile_extra elementor-hidden-mobile elementor-widget elementor-widget-button\" data-id=\"7a64e23\" data-element_type=\"widget\" data-e-type=\"widget\" data-widget_type=\"button.default\">\n\t\t\t\t<div class=\"elementor-widget-container\">\n\t\t\t\t\t\t\t\t\t<div class=\"elementor-button-wrapper\">\n\t\t\t\t\t<a class=\"elementor-button elementor-button-link elementor-size-sm\" href=\"https:\/\/nuba.com\/mx\">\n\t\t\t\t\t\t<span class=\"elementor-button-content-wrapper\">\n\t\t\t\t\t\t\t\t\t<span class=\"elementor-button-text\">Home \u2015<\/span>\n\t\t\t\t\t<\/span>\n\t\t\t\t\t<\/a>\n\t\t\t\t<\/div>\n\t\t\t\t\t\t\t\t<\/div>\n\t\t\t\t<\/div>\n\t\t\t\t<div class=\"elementor-element elementor-element-5c2233d elementor-widget__width-auto elementor-hidden-mobile_extra elementor-hidden-mobile elementor-widget elementor-widget-button\" data-id=\"5c2233d\" data-element_type=\"widget\" data-e-type=\"widget\" data-widget_type=\"button.default\">\n\t\t\t\t<div class=\"elementor-widget-container\">\n\t\t\t\t\t\t\t\t\t<div class=\"elementor-button-wrapper\">\n\t\t\t\t\t<a class=\"elementor-button elementor-button-link elementor-size-sm\" href=\"https:\/\/nuba.com\/mx\/sobre-nuba\/\">\n\t\t\t\t\t\t<span class=\"elementor-button-content-wrapper\">\n\t\t\t\t\t\t\t\t\t<span class=\"elementor-button-text\">Nosotros \u2015<\/span>\n\t\t\t\t\t<\/span>\n\t\t\t\t\t<\/a>\n\t\t\t\t<\/div>\n\t\t\t\t\t\t\t\t<\/div>\n\t\t\t\t<\/div>\n\t\t\t\t<div class=\"elementor-element elementor-element-6572428 elementor-widget__width-auto elementor-hidden-mobile_extra elementor-hidden-mobile elementor-widget elementor-widget-button\" data-id=\"6572428\" data-element_type=\"widget\" data-e-type=\"widget\" data-widget_type=\"button.default\">\n\t\t\t\t<div class=\"elementor-widget-container\">\n\t\t\t\t\t\t\t\t\t<div class=\"elementor-button-wrapper\">\n\t\t\t\t\t<a class=\"elementor-button elementor-size-sm\" role=\"button\">\n\t\t\t\t\t\t<span class=\"elementor-button-content-wrapper\">\n\t\t\t\t\t\t\t\t\t<span class=\"elementor-button-text\">Sostenibilidad<\/span>\n\t\t\t\t\t<\/span>\n\t\t\t\t\t<\/a>\n\t\t\t\t<\/div>\n\t\t\t\t\t\t\t\t<\/div>\n\t\t\t\t<\/div>\n\t\t\t\t<div class=\"elementor-element elementor-element-fa38118 elementor-widget elementor-widget-spacer\" data-id=\"fa38118\" data-element_type=\"widget\" data-e-type=\"widget\" data-widget_type=\"spacer.default\">\n\t\t\t\t<div class=\"elementor-widget-container\">\n\t\t\t\t\t\t\t<div class=\"elementor-spacer\">\n\t\t\t<div class=\"elementor-spacer-inner\"><\/div>\n\t\t<\/div>\n\t\t\t\t\t\t<\/div>\n\t\t\t\t<\/div>\n\t\t\t\t<div class=\"elementor-element elementor-element-b05fc45 elementor-widget elementor-widget-heading\" data-id=\"b05fc45\" data-element_type=\"widget\" data-e-type=\"widget\" data-widget_type=\"heading.default\">\n\t\t\t\t<div class=\"elementor-widget-container\">\n\t\t\t\t\t<h1 class=\"elementor-heading-title elementor-size-default\">Turismo sostenible<\/h1>\t\t\t\t<\/div>\n\t\t\t\t<\/div>\n\t\t\t\t<div class=\"elementor-element elementor-element-cc550b4 elementor-widget__width-initial elementor-widget elementor-widget-heading\" data-id=\"cc550b4\" data-element_type=\"widget\" data-e-type=\"widget\" data-widget_type=\"heading.default\">\n\t\t\t\t<div class=\"elementor-widget-container\">\n\t\t\t\t\t<h3 class=\"elementor-heading-title elementor-size-default\">Nos caracteriza el compromiso y el respeto que sentimos hacia los lugares que visitamos y las comunidades que conocemos. Tal compromiso lo fortalecemos a\u00f1o tras a\u00f1o con el desarrollo de iniciativas sociales y emocionantes proyectos de RSC que promueven un turismo sostenible y de impacto. La naturaleza es el mayor de nuestros tesoros. Por ende, nos acercamos a ella de manera respetuosa, con el fin de preservarla. Ese es el objetivo que nos hemos puesto y que llevamos a cabo en colaboraci\u00f3n con diversas organizaciones.<\/h3>\t\t\t\t<\/div>\n\t\t\t\t<\/div>\n\t\t\t\t\t<\/div>\n\t\t<\/div>\n\t\t\t\t\t<\/div>\n\t\t<\/section>\n\t\t\t\t<section class=\"elementor-section elementor-top-section elementor-element elementor-element-b1ce693 elementor-section-full_width elementor-section-height-default elementor-section-height-default\" data-id=\"b1ce693\" data-element_type=\"section\" data-e-type=\"section\">\n\t\t\t\t\t\t<div class=\"elementor-container elementor-column-gap-no\">\n\t\t\t\t\t<div class=\"elementor-column elementor-col-100 elementor-top-column elementor-element elementor-element-2d72a12\" data-id=\"2d72a12\" data-element_type=\"column\" data-e-type=\"column\">\n\t\t\t<div class=\"elementor-widget-wrap elementor-element-populated\">\n\t\t\t\t\t\t<div class=\"elementor-element elementor-element-127f464 elementor-widget elementor-widget-image\" data-id=\"127f464\" data-element_type=\"widget\" data-e-type=\"widget\" data-widget_type=\"image.default\">\n\t\t\t\t<div class=\"elementor-widget-container\">\n\t\t\t\t\t\t\t\t\t\t\t\t\t\t\t<img fetchpriority=\"high\" decoding=\"async\" width=\"1280\" height=\"803\" src=\"https:\/\/nuba.com\/mx\/wp-content\/uploads\/2023\/07\/Raices-arbol-Ankgor-Wat-Camboya_NUBA.jpg\" class=\"attachment-full size-full wp-image-12917\" alt=\"\" srcset=\"https:\/\/nuba.com\/mx\/wp-content\/uploads\/2023\/07\/Raices-arbol-Ankgor-Wat-Camboya_NUBA.jpg 1280w, https:\/\/nuba.com\/mx\/wp-content\/uploads\/2023\/07\/Raices-arbol-Ankgor-Wat-Camboya_NUBA-788x494.jpg 788w, https:\/\/nuba.com\/mx\/wp-content\/uploads\/2023\/07\/Raices-arbol-Ankgor-Wat-Camboya_NUBA-300x188.jpg 300w, https:\/\/nuba.com\/mx\/wp-content\/uploads\/2023\/07\/Raices-arbol-Ankgor-Wat-Camboya_NUBA-768x482.jpg 768w, https:\/\/nuba.com\/mx\/wp-content\/uploads\/2023\/07\/Raices-arbol-Ankgor-Wat-Camboya_NUBA-1024x642.jpg 1024w, https:\/\/nuba.com\/mx\/wp-content\/uploads\/2023\/07\/Raices-arbol-Ankgor-Wat-Camboya_NUBA-739x464.jpg 739w, https:\/\/nuba.com\/mx\/wp-content\/uploads\/2023\/07\/Raices-arbol-Ankgor-Wat-Camboya_NUBA-395x248.jpg 395w, https:\/\/nuba.com\/mx\/wp-content\/uploads\/2023\/07\/Raices-arbol-Ankgor-Wat-Camboya_NUBA-600x376.jpg 600w\" sizes=\"(max-width: 1280px) 100vw, 1280px\" \/>\t\t\t\t\t\t\t\t\t\t\t\t\t\t\t<\/div>\n\t\t\t\t<\/div>\n\t\t\t\t\t<\/div>\n\t\t<\/div>\n\t\t\t\t\t<\/div>\n\t\t<\/section>\n\t\t\t\t<section class=\"elementor-section elementor-top-section elementor-element elementor-element-80eb58d elementor-section-boxed elementor-section-height-default elementor-section-height-default\" data-id=\"80eb58d\" data-element_type=\"section\" data-e-type=\"section\">\n\t\t\t\t\t\t<div class=\"elementor-container elementor-column-gap-no\">\n\t\t\t\t\t<div class=\"elementor-column elementor-col-50 elementor-top-column elementor-element elementor-element-cfb7fbe\" data-id=\"cfb7fbe\" data-element_type=\"column\" data-e-type=\"column\">\n\t\t\t<div class=\"elementor-widget-wrap elementor-element-populated\">\n\t\t\t\t\t\t<div class=\"elementor-element elementor-element-d78e329 elementor-widget elementor-widget-heading\" data-id=\"d78e329\" data-element_type=\"widget\" data-e-type=\"widget\" data-widget_type=\"heading.default\">\n\t\t\t\t<div class=\"elementor-widget-container\">\n\t\t\t\t\t<h2 class=\"elementor-heading-title elementor-size-default\">Bosque NUBA<\/h2>\t\t\t\t<\/div>\n\t\t\t\t<\/div>\n\t\t\t\t<div class=\"elementor-element elementor-element-4724c38 aw-heading-num elementor-widget elementor-widget-heading\" data-id=\"4724c38\" data-element_type=\"widget\" data-e-type=\"widget\" data-widget_type=\"heading.default\">\n\t\t\t\t<div class=\"elementor-widget-container\">\n\t\t\t\t\t<h2 class=\"elementor-heading-title elementor-size-default\">38,040<\/h2>\t\t\t\t<\/div>\n\t\t\t\t<\/div>\n\t\t\t\t<div class=\"elementor-element elementor-element-28b91b8 elementor-widget elementor-widget-heading\" data-id=\"28b91b8\" data-element_type=\"widget\" data-e-type=\"widget\" data-widget_type=\"heading.default\">\n\t\t\t\t<div class=\"elementor-widget-container\">\n\t\t\t\t\t<h2 class=\"elementor-heading-title elementor-size-default\">\u00c1rboles plantados<\/h2>\t\t\t\t<\/div>\n\t\t\t\t<\/div>\n\t\t\t\t<div class=\"elementor-element elementor-element-5816a10 aw-heading-num elementor-widget elementor-widget-heading\" data-id=\"5816a10\" data-element_type=\"widget\" data-e-type=\"widget\" data-widget_type=\"heading.default\">\n\t\t\t\t<div class=\"elementor-widget-container\">\n\t\t\t\t\t<h2 class=\"elementor-heading-title elementor-size-default\">33.74\n<\/h2>\t\t\t\t<\/div>\n\t\t\t\t<\/div>\n\t\t\t\t<div class=\"elementor-element elementor-element-7aea441 elementor-widget elementor-widget-heading\" data-id=\"7aea441\" data-element_type=\"widget\" data-e-type=\"widget\" data-widget_type=\"heading.default\">\n\t\t\t\t<div class=\"elementor-widget-container\">\n\t\t\t\t\t<h2 class=\"elementor-heading-title elementor-size-default\">Hect\u00e1reas reforestadas<\/h2>\t\t\t\t<\/div>\n\t\t\t\t<\/div>\n\t\t\t\t<div class=\"elementor-element elementor-element-6cbfc59 aw-heading-num elementor-widget elementor-widget-heading\" data-id=\"6cbfc59\" data-element_type=\"widget\" data-e-type=\"widget\" data-widget_type=\"heading.default\">\n\t\t\t\t<div class=\"elementor-widget-container\">\n\t\t\t\t\t<h2 class=\"elementor-heading-title elementor-size-default\">6,964.85<\/h2>\t\t\t\t<\/div>\n\t\t\t\t<\/div>\n\t\t\t\t<div class=\"elementor-element elementor-element-53991a6 elementor-widget elementor-widget-heading\" data-id=\"53991a6\" data-element_type=\"widget\" data-e-type=\"widget\" data-widget_type=\"heading.default\">\n\t\t\t\t<div class=\"elementor-widget-container\">\n\t\t\t\t\t<h2 class=\"elementor-heading-title elementor-size-default\">Toneladas de CO2 total capturado<\/h2>\t\t\t\t<\/div>\n\t\t\t\t<\/div>\n\t\t\t\t\t<\/div>\n\t\t<\/div>\n\t\t\t\t<div class=\"elementor-column elementor-col-50 elementor-top-column elementor-element elementor-element-2ce7708\" data-id=\"2ce7708\" data-element_type=\"column\" data-e-type=\"column\">\n\t\t\t<div class=\"elementor-widget-wrap elementor-element-populated\">\n\t\t\t\t\t\t<div class=\"elementor-element elementor-element-fefa8e3 elementor-widget__width-initial elementor-widget elementor-widget-heading\" data-id=\"fefa8e3\" data-element_type=\"widget\" data-e-type=\"widget\" data-widget_type=\"heading.default\">\n\t\t\t\t<div class=\"elementor-widget-container\">\n\t\t\t\t\t<h4 class=\"elementor-heading-title elementor-size-default\">Junto a TreeNation hemos creado un bosque global que crece con cada uno de los viajes de lujo, eventos o incentivos. Este proyecto nos permite reducir la huella de carbono: compensamos las emisiones de CO\u2082 y contribuimos al desarrollo sostenible. Adem\u00e1s, apoyamos el crecimiento social de las comunidades locales encargadas de la plantaci\u00f3n y cuidado de los \u00e1rboles. As\u00ed, generamos un impacto positivo tanto en el planeta como en las personas.<\/h4>\t\t\t\t<\/div>\n\t\t\t\t<\/div>\n\t\t\t\t<div class=\"elementor-element elementor-element-514e030 elementor-widget__width-initial elementor-widget elementor-widget-text-editor\" data-id=\"514e030\" data-element_type=\"widget\" data-e-type=\"widget\" data-widget_type=\"text-editor.default\">\n\t\t\t\t<div class=\"elementor-widget-container\">\n\t\t\t\t\t\t\t\t\t<p><span style=\"font-weight: 400;\">Bosque NUBA ha echado ra\u00edces en Kenia (Mount Kenya Trust, 700 \u00e1rboles), Per\u00fa (Protect Amazonian Biodiversity, mil 580 \u00e1rboles), Nepal (Eden Reforestation Projects, 9 mil 754 \u00e1rboles) y Tanzania (Plant to Stop Proverty, 7 mil 687 \u00e1rboles). Actualmente, seguimos creciendo en el pa\u00eds del Kilimanjaro junto a Usambara Biodiversity Conservation, con quien sumaremos 7 mil nuevos ejemplares a nuestro bosque global.<\/span><\/p>\t\t\t\t\t\t\t\t<\/div>\n\t\t\t\t<\/div>\n\t\t\t\t<div class=\"elementor-element elementor-element-9c7da53 aw-animate-button black-to-transparent elementor-widget elementor-widget-button\" data-id=\"9c7da53\" data-element_type=\"widget\" data-e-type=\"widget\" data-widget_type=\"button.default\">\n\t\t\t\t<div class=\"elementor-widget-container\">\n\t\t\t\t\t\t\t\t\t<div class=\"elementor-button-wrapper\">\n\t\t\t\t\t<a class=\"elementor-button elementor-button-link elementor-size-sm\" href=\"https:\/\/tree-nation.com\/es\/perfil\/impacto\/nuba\" target=\"_blank\">\n\t\t\t\t\t\t<span class=\"elementor-button-content-wrapper\">\n\t\t\t\t\t\t\t\t\t<span class=\"elementor-button-text\">conoce el proyecto<\/span>\n\t\t\t\t\t<\/span>\n\t\t\t\t\t<\/a>\n\t\t\t\t<\/div>\n\t\t\t\t\t\t\t\t<\/div>\n\t\t\t\t<\/div>\n\t\t\t\t\t<\/div>\n\t\t<\/div>\n\t\t\t\t\t<\/div>\n\t\t<\/section>\n\t\t\t\t<section class=\"elementor-section elementor-top-section elementor-element elementor-element-16f33e4 elementor-section-height-min-height elementor-section-items-stretch elementor-section-boxed elementor-section-height-default\" data-id=\"16f33e4\" data-element_type=\"section\" data-e-type=\"section\" data-settings=\"{&quot;background_background&quot;:&quot;classic&quot;}\">\n\t\t\t\t\t\t<div class=\"elementor-container elementor-column-gap-no\">\n\t\t\t\t\t<div class=\"elementor-column elementor-col-50 elementor-top-column elementor-element elementor-element-85616c6\" data-id=\"85616c6\" data-element_type=\"column\" data-e-type=\"column\" data-settings=\"{&quot;background_background&quot;:&quot;classic&quot;}\">\n\t\t\t<div class=\"elementor-widget-wrap elementor-element-populated\">\n\t\t\t\t\t\t<div class=\"elementor-element elementor-element-92bda00 elementor-widget elementor-widget-text-editor\" data-id=\"92bda00\" data-element_type=\"widget\" data-e-type=\"widget\" data-widget_type=\"text-editor.default\">\n\t\t\t\t<div class=\"elementor-widget-container\">\n\t\t\t\t\t\t\t\t\tNairobi\t\t\t\t\t\t\t\t<\/div>\n\t\t\t\t<\/div>\n\t\t\t\t<div class=\"elementor-element elementor-element-efec752 elementor-widget elementor-widget-heading\" data-id=\"efec752\" data-element_type=\"widget\" data-e-type=\"widget\" data-widget_type=\"heading.default\">\n\t\t\t\t<div class=\"elementor-widget-container\">\n\t\t\t\t\t<h2 class=\"elementor-heading-title elementor-size-default\">Orfanato David Sheldrick<\/h2>\t\t\t\t<\/div>\n\t\t\t\t<\/div>\n\t\t\t\t<div class=\"elementor-element elementor-element-6b85d6d elementor-widget__width-initial elementor-widget elementor-widget-text-editor\" data-id=\"6b85d6d\" data-element_type=\"widget\" data-e-type=\"widget\" data-widget_type=\"text-editor.default\">\n\t\t\t\t<div class=\"elementor-widget-container\">\n\t\t\t\t\t\t\t\t\t<p><span style=\"font-weight: 400;\">Como parte de nuestro <\/span><span style=\"font-weight: 400;\">turismo sostenible<\/span><span style=\"font-weight: 400;\">, tambi\u00e9n cuidamos de Raha y Suswa, una rinoceronte y una elefanta a las que adoptamos junto al <\/span><a href=\"https:\/\/www.sheldrickwildlifetrust.org\/projects\/orphans\" target=\"_blank\" rel=\"noopener\"><span style=\"font-weight: 400;\">Orfanato David Sheldrick<\/span><\/a><span style=\"font-weight: 400;\">.<\/span><\/p>\t\t\t\t\t\t\t\t<\/div>\n\t\t\t\t<\/div>\n\t\t\t\t\t<\/div>\n\t\t<\/div>\n\t\t\t\t<div class=\"elementor-column elementor-col-50 elementor-top-column elementor-element elementor-element-e8d1506\" data-id=\"e8d1506\" data-element_type=\"column\" data-e-type=\"column\">\n\t\t\t<div class=\"elementor-widget-wrap elementor-element-populated\">\n\t\t\t\t\t\t<div class=\"elementor-element elementor-element-b0d92bd elementor-hidden-desktop elementor-hidden-tablet elementor-hidden-laptop elementor-hidden-tablet_extra elementor-widget elementor-widget-image\" data-id=\"b0d92bd\" data-element_type=\"widget\" data-e-type=\"widget\" data-widget_type=\"image.default\">\n\t\t\t\t<div class=\"elementor-widget-container\">\n\t\t\t\t\t\t\t\t\t\t\t\t\t\t\t<img decoding=\"async\" width=\"900\" height=\"600\" src=\"https:\/\/nuba.com\/mx\/wp-content\/uploads\/2023\/07\/Orfanato-elefantes-Kenia_NUBA.jpg\" class=\"attachment-full size-full wp-image-12925\" alt=\"\" srcset=\"https:\/\/nuba.com\/mx\/wp-content\/uploads\/2023\/07\/Orfanato-elefantes-Kenia_NUBA.jpg 900w, https:\/\/nuba.com\/mx\/wp-content\/uploads\/2023\/07\/Orfanato-elefantes-Kenia_NUBA-788x525.jpg 788w, https:\/\/nuba.com\/mx\/wp-content\/uploads\/2023\/07\/Orfanato-elefantes-Kenia_NUBA-300x200.jpg 300w, https:\/\/nuba.com\/mx\/wp-content\/uploads\/2023\/07\/Orfanato-elefantes-Kenia_NUBA-768x512.jpg 768w, https:\/\/nuba.com\/mx\/wp-content\/uploads\/2023\/07\/Orfanato-elefantes-Kenia_NUBA-739x494.jpg 739w, https:\/\/nuba.com\/mx\/wp-content\/uploads\/2023\/07\/Orfanato-elefantes-Kenia_NUBA-395x263.jpg 395w, https:\/\/nuba.com\/mx\/wp-content\/uploads\/2023\/07\/Orfanato-elefantes-Kenia_NUBA-600x400.jpg 600w\" sizes=\"(max-width: 900px) 100vw, 900px\" \/>\t\t\t\t\t\t\t\t\t\t\t\t\t\t\t<\/div>\n\t\t\t\t<\/div>\n\t\t\t\t\t<\/div>\n\t\t<\/div>\n\t\t\t\t\t<\/div>\n\t\t<\/section>\n\t\t\t\t<section class=\"elementor-section elementor-top-section elementor-element elementor-element-640e189 elementor-reverse-mobile_extra elementor-reverse-mobile elementor-section-boxed elementor-section-height-default elementor-section-height-default\" data-id=\"640e189\" data-element_type=\"section\" data-e-type=\"section\">\n\t\t\t\t\t\t<div class=\"elementor-container elementor-column-gap-no\">\n\t\t\t\t\t<div class=\"elementor-column elementor-col-50 elementor-top-column elementor-element elementor-element-180a9d3\" data-id=\"180a9d3\" data-element_type=\"column\" data-e-type=\"column\">\n\t\t\t<div class=\"elementor-widget-wrap elementor-element-populated\">\n\t\t\t\t\t\t<div class=\"elementor-element elementor-element-67e588f elementor-widget elementor-widget-image\" data-id=\"67e588f\" data-element_type=\"widget\" data-e-type=\"widget\" data-widget_type=\"image.default\">\n\t\t\t\t<div class=\"elementor-widget-container\">\n\t\t\t\t\t\t\t\t\t\t\t\t\t\t\t<img decoding=\"async\" width=\"900\" height=\"675\" src=\"https:\/\/nuba.com\/mx\/wp-content\/uploads\/2023\/07\/Proyecto-Kigoma-Born-to-Learn-Tanzania_NUBA.jpg\" class=\"attachment-full size-full wp-image-12927\" alt=\"\" srcset=\"https:\/\/nuba.com\/mx\/wp-content\/uploads\/2023\/07\/Proyecto-Kigoma-Born-to-Learn-Tanzania_NUBA.jpg 900w, https:\/\/nuba.com\/mx\/wp-content\/uploads\/2023\/07\/Proyecto-Kigoma-Born-to-Learn-Tanzania_NUBA-704x528.jpg 704w, https:\/\/nuba.com\/mx\/wp-content\/uploads\/2023\/07\/Proyecto-Kigoma-Born-to-Learn-Tanzania_NUBA-788x591.jpg 788w, https:\/\/nuba.com\/mx\/wp-content\/uploads\/2023\/07\/Proyecto-Kigoma-Born-to-Learn-Tanzania_NUBA-300x225.jpg 300w, https:\/\/nuba.com\/mx\/wp-content\/uploads\/2023\/07\/Proyecto-Kigoma-Born-to-Learn-Tanzania_NUBA-768x576.jpg 768w, https:\/\/nuba.com\/mx\/wp-content\/uploads\/2023\/07\/Proyecto-Kigoma-Born-to-Learn-Tanzania_NUBA-659x494.jpg 659w, https:\/\/nuba.com\/mx\/wp-content\/uploads\/2023\/07\/Proyecto-Kigoma-Born-to-Learn-Tanzania_NUBA-395x296.jpg 395w, https:\/\/nuba.com\/mx\/wp-content\/uploads\/2023\/07\/Proyecto-Kigoma-Born-to-Learn-Tanzania_NUBA-600x450.jpg 600w\" sizes=\"(max-width: 900px) 100vw, 900px\" \/>\t\t\t\t\t\t\t\t\t\t\t\t\t\t\t<\/div>\n\t\t\t\t<\/div>\n\t\t\t\t\t<\/div>\n\t\t<\/div>\n\t\t\t\t<div class=\"elementor-column elementor-col-50 elementor-top-column elementor-element elementor-element-766098c\" data-id=\"766098c\" data-element_type=\"column\" data-e-type=\"column\" data-settings=\"{&quot;background_background&quot;:&quot;classic&quot;}\">\n\t\t\t<div class=\"elementor-widget-wrap elementor-element-populated\">\n\t\t\t\t\t\t<div class=\"elementor-element elementor-element-9289150 elementor-widget elementor-widget-text-editor\" data-id=\"9289150\" data-element_type=\"widget\" data-e-type=\"widget\" data-widget_type=\"text-editor.default\">\n\t\t\t\t<div class=\"elementor-widget-container\">\n\t\t\t\t\t\t\t\t\t<p>Escuelas en Tanzania<\/p>\t\t\t\t\t\t\t\t<\/div>\n\t\t\t\t<\/div>\n\t\t\t\t<div class=\"elementor-element elementor-element-bdd22ab elementor-widget elementor-widget-heading\" data-id=\"bdd22ab\" data-element_type=\"widget\" data-e-type=\"widget\" data-widget_type=\"heading.default\">\n\t\t\t\t<div class=\"elementor-widget-container\">\n\t\t\t\t\t<h2 class=\"elementor-heading-title elementor-size-default\">Born to Learn<\/h2>\t\t\t\t<\/div>\n\t\t\t\t<\/div>\n\t\t\t\t<div class=\"elementor-element elementor-element-b1da5d3 elementor-widget__width-initial elementor-widget elementor-widget-text-editor\" data-id=\"b1da5d3\" data-element_type=\"widget\" data-e-type=\"widget\" data-widget_type=\"text-editor.default\">\n\t\t\t\t<div class=\"elementor-widget-container\">\n\t\t\t\t\t\t\t\t\t<p><span style=\"font-weight: 400;\">En Tanzania, junto con <\/span><a href=\"https:\/\/www.borntolearnglobal.org\/es\/\" target=\"_blank\" rel=\"noopener\"><span style=\"font-weight: 400;\">Born to Learn<\/span><\/a><span style=\"font-weight: 400;\">, ayudamos a las comunidades m\u00e1s vulnerables de ese pa\u00eds, para que alcancen la igualdad en el acceso a la educaci\u00f3n como medio para mejorar sus condiciones de vida y el desarrollo futuro.<\/span><\/p>\t\t\t\t\t\t\t\t<\/div>\n\t\t\t\t<\/div>\n\t\t\t\t\t<\/div>\n\t\t<\/div>\n\t\t\t\t\t<\/div>\n\t\t<\/section>\n\t\t\t\t<\/div>\n\t\t","protected":false},"excerpt":{"rendered":"<p>Home \u2015 Nosotros \u2015 Sostenibilidad Turismo sostenible Nos caracteriza el compromiso y el respeto que sentimos hacia los lugares que visitamos y las comunidades que conocemos. Tal compromiso lo fortalecemos a\u00f1o tras a\u00f1o con el desarrollo de iniciativas sociales y emocionantes proyectos de RSC que promueven un turismo sostenible y de impacto. La naturaleza es [&hellip;]<\/p>\n","protected":false},"author":38,"featured_media":0,"parent":0,"menu_order":0,"comment_status":"closed","ping_status":"closed","template":"elementor_header_footer","meta":{"footnotes":""},"class_list":["post-840","page","type-page","status-publish","hentry"],"_links":{"self":[{"href":"https:\/\/nuba.com\/mx\/wp-json\/wp\/v2\/pages\/840","targetHints":{"allow":["GET"]}}],"collection":[{"href":"https:\/\/nuba.com\/mx\/wp-json\/wp\/v2\/pages"}],"about":[{"href":"https:\/\/nuba.com\/mx\/wp-json\/wp\/v2\/types\/page"}],"author":[{"embeddable":true,"href":"https:\/\/nuba.com\/mx\/wp-json\/wp\/v2\/users\/38"}],"replies":[{"embeddable":true,"href":"https:\/\/nuba.com\/mx\/wp-json\/wp\/v2\/comments?post=840"}],"version-history":[{"count":15,"href":"https:\/\/nuba.com\/mx\/wp-json\/wp\/v2\/pages\/840\/revisions"}],"predecessor-version":[{"id":24034,"href":"https:\/\/nuba.com\/mx\/wp-json\/wp\/v2\/pages\/840\/revisions\/24034"}],"wp:attachment":[{"href":"https:\/\/nuba.com\/mx\/wp-json\/wp\/v2\/media?parent=840"}],"curies":[{"name":"wp","href":"https:\/\/api.w.org\/{rel}","templated":true}]}}