{"id":6706,"date":"2023-05-30T16:00:15","date_gmt":"2023-05-30T16:00:15","guid":{"rendered":"https:\/\/nuba.com\/mx\/?page_id=6706"},"modified":"2025-02-16T12:52:57","modified_gmt":"2025-02-16T12:52:57","slug":"politica-cookies","status":"publish","type":"page","link":"https:\/\/nuba.com\/mx\/politica-cookies\/","title":{"rendered":"Pol\u00edtica de cookies"},"content":{"rendered":"\t\t<div data-elementor-type=\"wp-page\" data-elementor-id=\"6706\" class=\"elementor elementor-6706\" data-elementor-post-type=\"page\">\n\t\t\t\t\t\t<section class=\"elementor-section elementor-top-section elementor-element elementor-element-5fa1fd0 elementor-section-boxed elementor-section-height-default elementor-section-height-default\" data-id=\"5fa1fd0\" data-element_type=\"section\" data-e-type=\"section\" data-settings=\"{&quot;background_background&quot;:&quot;classic&quot;}\">\n\t\t\t\t\t\t<div class=\"elementor-container elementor-column-gap-no\">\n\t\t\t\t\t<div class=\"elementor-column elementor-col-100 elementor-top-column elementor-element elementor-element-0d2b215\" data-id=\"0d2b215\" data-element_type=\"column\" data-e-type=\"column\">\n\t\t\t<div class=\"elementor-widget-wrap elementor-element-populated\">\n\t\t\t\t\t\t<div class=\"elementor-element elementor-element-57bca20 elementor-widget__width-auto elementor-hidden-mobile_extra elementor-hidden-mobile elementor-widget elementor-widget-button\" data-id=\"57bca20\" data-element_type=\"widget\" data-e-type=\"widget\" data-widget_type=\"button.default\">\n\t\t\t\t<div class=\"elementor-widget-container\">\n\t\t\t\t\t\t\t\t\t<div class=\"elementor-button-wrapper\">\n\t\t\t\t\t<a class=\"elementor-button elementor-button-link elementor-size-sm\" href=\"https:\/\/nuba.com\/mx\">\n\t\t\t\t\t\t<span class=\"elementor-button-content-wrapper\">\n\t\t\t\t\t\t\t\t\t<span class=\"elementor-button-text\">Home \u2015<\/span>\n\t\t\t\t\t<\/span>\n\t\t\t\t\t<\/a>\n\t\t\t\t<\/div>\n\t\t\t\t\t\t\t\t<\/div>\n\t\t\t\t<\/div>\n\t\t\t\t<div class=\"elementor-element elementor-element-1f75ff7 elementor-widget elementor-widget-spacer\" data-id=\"1f75ff7\" data-element_type=\"widget\" data-e-type=\"widget\" data-widget_type=\"spacer.default\">\n\t\t\t\t<div class=\"elementor-widget-container\">\n\t\t\t\t\t\t\t<div class=\"elementor-spacer\">\n\t\t\t<div class=\"elementor-spacer-inner\"><\/div>\n\t\t<\/div>\n\t\t\t\t\t\t<\/div>\n\t\t\t\t<\/div>\n\t\t\t\t<section class=\"elementor-section elementor-inner-section elementor-element elementor-element-ace1888 elementor-section-boxed elementor-section-height-default elementor-section-height-default\" data-id=\"ace1888\" data-element_type=\"section\" data-e-type=\"section\">\n\t\t\t\t\t\t<div class=\"elementor-container elementor-column-gap-no\">\n\t\t\t\t\t<div class=\"elementor-column elementor-col-100 elementor-inner-column elementor-element elementor-element-ad70143\" data-id=\"ad70143\" data-element_type=\"column\" data-e-type=\"column\">\n\t\t\t<div class=\"elementor-widget-wrap elementor-element-populated\">\n\t\t\t\t\t\t<div class=\"elementor-element elementor-element-1e5c68d elementor-widget elementor-widget-text-editor\" data-id=\"1e5c68d\" data-element_type=\"widget\" data-e-type=\"widget\" data-widget_type=\"text-editor.default\">\n\t\t\t\t<div class=\"elementor-widget-container\">\n\t\t\t\t\t\t\t\t\t<p>El dominio www.nuba.com utiliza procedimientos autom\u00e1ticos de recogida (Cookies) para reunir informaci\u00f3n personal como puede ser el tipo de navegador o sistema operativo, p\u00e1gina de referencia, ruta, dominio ISP (Proveedor de Internet), etc. todo ello con el fin de mejorar los servicios prestados. Las Cookies nos ayudan a adaptar \u00e9sta p\u00e1gina web a sus necesidades personales.<\/p><p>Una \u201cCookie\u201d es un peque\u00f1o archivo que se almacena en el ordenador del usuario y nos permite reconocerle. El conjunto de \u201ccookies\u201d nos ayuda a mejorar la calidad de nuestra web, permiti\u00e9ndonos as\u00ed personalizar hasta cierto punto la navegaci\u00f3n de cada usuario por nuestra web. Las cookies actualmente son esenciales para el funcionamiento de internet, aportando innumerables ventajas en la prestaci\u00f3n de servicios interactivos, facilit\u00e1ndole la navegaci\u00f3n y usabilidad de nuestra web.<\/p><p>Tenga en cuenta que las cookies no pueden da\u00f1ar su equipo y que, a cambio, el que est\u00e9n activadas nos ayudan a identificar y resolver los errores y mejorar la navegabilidad de nuestro sitio.<\/p>\t\t\t\t\t\t\t\t<\/div>\n\t\t\t\t<\/div>\n\t\t\t\t<div class=\"elementor-element elementor-element-959002a elementor-widget elementor-widget-heading\" data-id=\"959002a\" data-element_type=\"widget\" data-e-type=\"widget\" data-widget_type=\"heading.default\">\n\t\t\t\t<div class=\"elementor-widget-container\">\n\t\t\t\t\t<h3 class=\"elementor-heading-title elementor-size-default\">1. Tipolog\u00eda de cookies<\/h3>\t\t\t\t<\/div>\n\t\t\t\t<\/div>\n\t\t\t\t<div class=\"elementor-element elementor-element-b2b9cc7 elementor-widget elementor-widget-text-editor\" data-id=\"b2b9cc7\" data-element_type=\"widget\" data-e-type=\"widget\" data-widget_type=\"text-editor.default\">\n\t\t\t\t<div class=\"elementor-widget-container\">\n\t\t\t\t\t\t\t\t\t<p>Para una mayor informaci\u00f3n del usuario sobre la tipolog\u00eda y uso de las cookies le informamos que:<\/p><p>\u00a0<\/p><p>1.1. Desde el punto de vista de \u2018tiempo de vida\u2019 de la cookie (tiempo que la cookie permanece activa en nuestro equipo) podemos diferenciar las cookies entre:<\/p><p>\u00a0<\/p><ul><li><strong>Cookies de sesi\u00f3n:<\/strong>\u00a0son cookies temporales que permanecen en el archivo de cookies de su navegador hasta que abandone la p\u00e1gina web, por lo que ninguna queda registrada en el disco duro del usuario. La informaci\u00f3n obtenida por medio de estas cookies, sirven para analizar pautas de tr\u00e1fico en la web. A la larga, esto nos permite proporcionar una mejor experiencia para mejorar el contenido y facilitando su uso.<br \/><br \/><\/li><li>\u00a0<strong>Cookies permanentes:<\/strong>\u00a0son almacenadas en el disco duro y nuestra web las lee cada vez que usted realiza una nueva visita. Una cookie permanente posee una fecha de expiraci\u00f3n determinada. La cookie dejar\u00e1 de funcionar despu\u00e9s de esa fecha. Las utilizamos, generalmente, para facilitar los servicios de compra y registro.<\/li><\/ul><p>\u00a0<\/p><p>1.2. Desde el punto de vista del uso de cada cookie, podemos diferenciar entre:<\/p><p>\u00a0<\/p><ul><li><strong>Cookies Requeridas:<\/strong>\u00a0son las cookies estrictamente necesarias como por ejemplo, aquellas que sirvan para una correcta navegaci\u00f3n o las que permitan realizar el pago de bienes o servicios solicitados por el usuario o cookies que sirvan para asegurar que el contenido de la p\u00e1gina web se carga eficazmente.<\/li><\/ul><p>\u00a0<\/p><p>Dentro de la categor\u00eda de cookies Requeridas se pueden encontrar tambi\u00e9n cookies con las siguientes finalidades:<\/p><p>\u00a0<\/p><ul><li>Permitir \u00fanicamente la comunicaci\u00f3n entre el equipo del usuario y la red.<\/li><li>Estrictamente prestar un servicio expresamente solicitado por el usuario.<\/li><\/ul><p>\u00a0<\/p><p>En estos dos casos le informamos que no se requiere la informaci\u00f3n y el consentimiento del usuario para la instalaci\u00f3n de las referidas cookies. En concreto, seg\u00fan el Grupo de Trabajo de Expertos de la UE, en el Art\u00edculo 29 de su Dictamen 4\/20123 ha interpretado que entre las cookies exceptuadas estar\u00edan aquellas que tienen por finalidad:<\/p><p>\u00a0<\/p><p>\u2013 Cookies de \u201centrada del usuario\u201d<br \/>\u2013 Cookies de autenticaci\u00f3n o identificaci\u00f3n de usuario (\u00fanicamente de sesi\u00f3n)<br \/>\u2013 Cookies de seguridad del usuario<br \/>\u2013 Cookies de sesi\u00f3n de reproductor multimedia<br \/>\u2013 Cookies de sesi\u00f3n para equilibrar la carga<br \/>\u2013 Cookies de personalizaci\u00f3n de la interfaz de usuario<br \/>\u2013 Cookies de complemento (plug-in) para intercambiar contenidos sociales<\/p><p>\u00a0<\/p><p>Para todo el resto de cookies Requeridas no incluidas en los anteriores supuestos requerir\u00e1n la informaci\u00f3n previa y el consentimiento del usuario.<\/p><p>\u00a0<\/p><ul><li><strong>Cookies funcionales:<\/strong>\u00a0Son cookies que ayudan al usuario a tener una mejor experiencia de la navegaci\u00f3n por el sitio. Un ejemplo de uso de este tipo de cookies son las que se utilizan para almacenar los datos de navegaci\u00f3n de un determinado idioma.<br \/><br \/><\/li><li><strong>Cookies anal\u00edticas:<\/strong>\u00a0son cookies que nos permiten analizar el uso del Sitio web, de manera que podamos medir y mejorar el funcionamiento.<br \/><br \/><\/li><li>\u00a0<strong>Cookies de Publicidad y de Terceros:<\/strong>\u00a0son las cookies usadas por redes sociales, o por complementos externos de contenido como google maps como tambi\u00e9n cookies de empresas publicitarias para publicar anuncios relevantes para sus intereses.<\/li><\/ul><p>\u00a0<\/p><p>NUBA guarda toda la informaci\u00f3n recogida a trav\u00e9s de las Cookies en un formato no personalizado (direcci\u00f3n de IP). Este tipo de informaci\u00f3n obtenida a trav\u00e9s de las Cookies no ser\u00e1 revelada fuera de NUBA, ni utilizada para comunicaciones no solicitadas.<\/p>\t\t\t\t\t\t\t\t<\/div>\n\t\t\t\t<\/div>\n\t\t\t\t<div class=\"elementor-element elementor-element-6568428 elementor-widget elementor-widget-heading\" data-id=\"6568428\" data-element_type=\"widget\" data-e-type=\"widget\" data-widget_type=\"heading.default\">\n\t\t\t\t<div class=\"elementor-widget-container\">\n\t\t\t\t\t<h3 class=\"elementor-heading-title elementor-size-default\">2. Privacidad adecuada\u2013 Gesti\u00f3n de cookies:<\/h3>\t\t\t\t<\/div>\n\t\t\t\t<\/div>\n\t\t\t\t<div class=\"elementor-element elementor-element-9257108 elementor-widget elementor-widget-text-editor\" data-id=\"9257108\" data-element_type=\"widget\" data-e-type=\"widget\" data-widget_type=\"text-editor.default\">\n\t\t\t\t<div class=\"elementor-widget-container\">\n\t\t\t\t\t\t\t\t\t<p>En caso que el usuario lo quisiera, el registro de las cookies podr\u00e1 estar sujeto a su aceptaci\u00f3n durante la instalaci\u00f3n o puesta al d\u00eda del navegador usado. El usuario puede en todo momento revocar su aceptaci\u00f3n mediante las opciones de configuraci\u00f3n de contenidos y privacidad disponibles en cada navegador. No obstante, en caso que el usuario no permita la instalaci\u00f3n de cookies en su navegador es posible que no pueda acceder a alguna de las secciones de nuestro sitio web.<\/p><p>\u00a0<\/p><p>Para m\u00e1s informaci\u00f3n sobre la configuraci\u00f3n apropiada de las cookies y las opciones de activaci\u00f3n, restricci\u00f3n y\/o inhabilitaci\u00f3n se debe acudir en la secci\u00f3n de ayuda de su navegador para conocer m\u00e1s:<\/p><p>\u00a0<\/p><p>\u2013 M\u00e1s informaci\u00f3n sobre como bloquear el uso de las cookies en\u00a0<a title=\"Google Chrome\" href=\"https:\/\/support.google.com\/chrome\/answer\/95647?hl=es\" target=\"_blank\" rel=\"noopener\">Google Chrome<\/a><br \/>\u2013 M\u00e1s informaci\u00f3n sobre como bloquear el uso de las cookies en\u00a0<a title=\"Firefox\" href=\"https:\/\/support.mozilla.org\/es\/kb\/habilitar-y-deshabilitar-cookies-sitios-web-rastrear-preferencias?redirectlocale=es&amp;as=s&amp;s=cookies&amp;r=7&amp;esab=a&amp;redirectslug=habilitar-y-deshabilitar-cookies-que-los-sitios-we\" target=\"_blank\" rel=\"noopener\">Firefox<\/a><br \/>\u2013 M\u00e1s informaci\u00f3n sobre como bloquear el uso de las cookies en\u00a0<a title=\"Internet Explorer\" href=\"https:\/\/support.microsoft.com\/es-es\/help\/17442\/windows-internet-explorer-delete-manage-cookies\" target=\"_blank\" rel=\"noopener\">Internet Explorer<\/a><br \/>\u2013 M\u00e1s informaci\u00f3n sobre como bloquear el uso de las cookies en\u00a0<a title=\"Safari\" href=\"https:\/\/support.apple.com\/es-es\/HT201265\" target=\"_blank\" rel=\"noopener\">Safari<\/a><\/p><p>\u00a0<\/p><p>Muchos navegadores permiten activar un modo privado mediante el cual las cookies se borran siempre despu\u00e9s de su visita. Dependiendo de cada navegador este modo privado, puede tener diferentes nombres. A continuaci\u00f3n encontrar\u00e1 una lista de los navegadores m\u00e1s comunes y los diferentes nombres de este \u201cmodo privado\u201d:<\/p><p>\u00a0<\/p><ul><li>Internet Explorer 8 y superior; InPrivate<\/li><li>Safari 2 y superior; Navegaci\u00f3n Privada<\/li><li>Opera 10.5 y superior; Navegaci\u00f3n Privada<\/li><li>FireFox 3.5 y superior; Navegaci\u00f3n Privada<\/li><li>Google Chrome 10 y superior; Inc\u00f3gnito<\/li><\/ul>\t\t\t\t\t\t\t\t<\/div>\n\t\t\t\t<\/div>\n\t\t\t\t<div class=\"elementor-element elementor-element-84584ce elementor-widget elementor-widget-heading\" data-id=\"84584ce\" data-element_type=\"widget\" data-e-type=\"widget\" data-widget_type=\"heading.default\">\n\t\t\t\t<div class=\"elementor-widget-container\">\n\t\t\t\t\t<h3 class=\"elementor-heading-title elementor-size-default\">3. Relaci\u00f3n y descripci\u00f3n de cookies:<\/h3>\t\t\t\t<\/div>\n\t\t\t\t<\/div>\n\t\t\t\t<div class=\"elementor-element elementor-element-7d485cd elementor-widget elementor-widget-text-editor\" data-id=\"7d485cd\" data-element_type=\"widget\" data-e-type=\"widget\" data-widget_type=\"text-editor.default\">\n\t\t\t\t<div class=\"elementor-widget-container\">\n\t\t\t\t\t\t\t\t\t<p>Las tablas que publicamos a continuaci\u00f3n recogen de forma esquematizada las cookies anteriormente descritas y utilizadas en el sitio web de NUBA:<\/p><p>\u00a0<\/p><table border=\"1\" width=\"721\" cellspacing=\"0\" cellpadding=\"0\" align=\"center\"><tbody><tr><td valign=\"top\" width=\"199\"><p align=\"center\"><strong>Nombre de cookie<\/strong><\/p><\/td><td valign=\"top\" width=\"124\"><p align=\"center\"><strong>Expira<\/strong><br \/><strong>(sesi\u00f3n, permanente)<\/strong><\/p><\/td><td valign=\"top\" width=\"390\"><p align=\"center\"><strong>Uso de cookie<\/strong><br \/><strong>(Requerida-Funcional-Anal\u00edtica-Terceros\/Publicidad)<\/strong><\/p><\/td><\/tr><tr><td valign=\"top\" width=\"199\"><strong>_utma<\/strong><\/td><td valign=\"top\" width=\"124\">2 a\u00f1os<\/td><td valign=\"top\" width=\"390\">Cookies anal\u00edticas (Google Analytics): Almacena el n\u00famero de visitas de cada usuario, el momento de la primera visita, la visita anterior, y la visita actual<\/td><\/tr><tr><td valign=\"top\" width=\"199\"><strong>_utmb<\/strong><\/td><td valign=\"top\" width=\"124\">Sesi\u00f3n<\/td><td valign=\"top\" width=\"390\">Cookies anal\u00edticas (Google Analytics): Se utiliza para comprobar aproximadamente cu\u00e1nto tiempo te quedas en un sitio<\/td><\/tr><tr><td valign=\"top\" width=\"199\"><strong>_utmc<\/strong><\/td><td valign=\"top\" width=\"124\">Sesi\u00f3n<\/td><td valign=\"top\" width=\"390\">Cookies anal\u00edticas (Google Analytics): Utilizado para comprobar aproximadamente cu\u00e1nto tiempo te quedas en un sitio<\/td><\/tr><tr><td valign=\"top\" width=\"199\"><strong>_utmz<\/strong><\/td><td valign=\"top\" width=\"124\">6 meses<\/td><td valign=\"top\" width=\"390\">Cookies anal\u00edticas (Google Analytics): Sitios desde donde un visitante vino (motor de b\u00fasqueda, palabra clave de b\u00fasqueda, link)<\/td><\/tr><tr><td valign=\"top\" width=\"199\"><strong>_ga<\/strong><\/td><td valign=\"top\" width=\"124\">2 a\u00f1os<\/td><td valign=\"top\" width=\"390\">Cookies anal\u00edticas (Google Analytics): Utiliza un identificador an\u00f3nimo para distinguir usuarios an\u00f3nimos y realizar an\u00e1lisis sobre las interacciones de los usuarios en la aplicaci\u00f3n con el fin de optimizar los servicios que se ofrecen<\/td><\/tr><tr><td valign=\"top\" width=\"199\"><strong>_gat<\/strong><\/td><td valign=\"top\" width=\"124\">10 minutos desde creaci\u00f3n o modificaci\u00f3n<\/td><td valign=\"top\" width=\"390\">Cookies anal\u00edticas (Google Analytics): Se usa para diferenciar entre los diferentes objetos de seguimiento creados en la sesi\u00f3n. La cookie se crea al cargar la librer\u00eda javascript y no existe una versi\u00f3n previa de la cookie _gat. La cookie se actualiza cada vez que envia los datos a Google Analytics.<\/td><\/tr><tr><td valign=\"top\" width=\"199\"><strong>IDE<\/strong><\/td><td valign=\"top\" width=\"124\">2 a\u00f1os<\/td><td valign=\"top\" width=\"390\">Son cookies publicitarias; se usan para mejorar la publicidad. Suelen utilizarse para orientar la publicidad seg\u00fan el contenido que es relevante para un usuario, mejorar los informes de rendimiento de la campa\u00f1a y evitar mostrar anuncios que el usuario ya haya visto<\/td><\/tr><tr><td valign=\"top\" width=\"199\"><strong>NID<\/strong><\/td><td valign=\"top\" width=\"124\">6 meses<\/td><td valign=\"top\" width=\"390\">Google Maps, Google + | Implantan determinadas utilidades de Google y pueden almacenar ciertas preferencias, por ejemplo, el n\u00famero de resultados de b\u00fasqueda por p\u00e1gina o la activaci\u00f3n del filtro SafeSearch, as\u00ed como personalizar los anuncios que se muestran en la b\u00fasqueda de Google, o cookies de \u2018Social Sharing\u2019 para el bot\u00f3n G+1 de recomendaci\u00f3n del pie de las p\u00e1ginas<\/td><\/tr><tr><td valign=\"top\" width=\"199\"><strong>1P_JAR<\/strong><\/td><td valign=\"top\" width=\"124\">1 mes<\/td><td valign=\"top\" width=\"390\">Transfiere datos a Google.<\/td><\/tr><tr><td valign=\"top\" width=\"199\"><strong>_icl_current_language<\/strong><\/td><td valign=\"top\" width=\"124\">1 dia<\/td><td valign=\"top\" width=\"390\">Indentifica el lenguaje del usuario<\/td><\/tr><tr><td valign=\"top\" width=\"199\"><strong>PREF<\/strong><\/td><td valign=\"top\" width=\"124\">8 meses<\/td><td valign=\"top\" width=\"390\">Cookie que almacena las preferencias de configuraci\u00f3n, tales como idioma preferido, n\u00famero de resultados de b\u00fasqueda mostrados por p\u00e1gina o activaci\u00f3n del filtro SafeSearch de Google.<\/td><\/tr><tr><td valign=\"top\" width=\"199\"><strong>VISITOR_INFO1_LIVE<\/strong><\/td><td valign=\"top\" width=\"124\">8 meses<\/td><td valign=\"top\" width=\"390\">Cookie que realiza el seguimiento de los videos visitados que se encuentran incrustados en la web.<\/td><\/tr><\/tbody><\/table><p>\u00a0<\/p><ul><li>Para conocer m\u00e1s sobre las cookies de Google Analytics y c\u00f3mo darlas de baja visitar:<br \/><a title=\"https:\/\/www.google.com\/analytics\/learn\/privacy.html?hl=es\" href=\"https:\/\/www.google.com\/analytics\/learn\/privacy.html?hl=es\" target=\"_blank\" rel=\"noopener\">https:\/\/www.google.com\/analytics\/learn\/privacy.html?hl=es<\/a><br \/><br \/><\/li><li>Para m\u00e1s informaci\u00f3n sobre cookies y sus derechos como usuario puede consultar la Gu\u00eda sobre el uso de cookies elaborada por la Agencia Espa\u00f1ola de Protecci\u00f3n de Datos: <br \/><a title=\"https:\/\/www.agpd.es\/portalwebAGPD\/canaldocumentacion\/publicaciones\/common\/Guias\/Guia_Cookies.pdf\" href=\"https:\/\/www.agpd.es\/portalwebAGPD\/canaldocumentacion\/publicaciones\/common\/Guias\/Guia_Cookies.pdf\" target=\"_blank\" rel=\"noopener\">https:\/\/www.agpd.es\/portalwebAGPD\/canaldocumentacion\/publicaciones\/common\/Guias\/Guia_Cookies.pdf<\/a><\/li><\/ul>\t\t\t\t\t\t\t\t<\/div>\n\t\t\t\t<\/div>\n\t\t\t\t\t<\/div>\n\t\t<\/div>\n\t\t\t\t\t<\/div>\n\t\t<\/section>\n\t\t\t\t\t<\/div>\n\t\t<\/div>\n\t\t\t\t\t<\/div>\n\t\t<\/section>\n\t\t\t\t<\/div>\n\t\t","protected":false},"excerpt":{"rendered":"<p>Home \u2015 El dominio www.nuba.com utiliza procedimientos autom\u00e1ticos de recogida (Cookies) para reunir informaci\u00f3n personal como puede ser el tipo de navegador o sistema operativo, p\u00e1gina de referencia, ruta, dominio ISP (Proveedor de Internet), etc. todo ello con el fin de mejorar los servicios prestados. Las Cookies nos ayudan a adaptar \u00e9sta p\u00e1gina web a [&hellip;]<\/p>\n","protected":false},"author":38,"featured_media":0,"parent":0,"menu_order":0,"comment_status":"closed","ping_status":"closed","template":"elementor_header_footer","meta":{"footnotes":""},"class_list":["post-6706","page","type-page","status-publish","hentry"],"_links":{"self":[{"href":"https:\/\/nuba.com\/mx\/wp-json\/wp\/v2\/pages\/6706","targetHints":{"allow":["GET"]}}],"collection":[{"href":"https:\/\/nuba.com\/mx\/wp-json\/wp\/v2\/pages"}],"about":[{"href":"https:\/\/nuba.com\/mx\/wp-json\/wp\/v2\/types\/page"}],"author":[{"embeddable":true,"href":"https:\/\/nuba.com\/mx\/wp-json\/wp\/v2\/users\/38"}],"replies":[{"embeddable":true,"href":"https:\/\/nuba.com\/mx\/wp-json\/wp\/v2\/comments?post=6706"}],"version-history":[{"count":3,"href":"https:\/\/nuba.com\/mx\/wp-json\/wp\/v2\/pages\/6706\/revisions"}],"predecessor-version":[{"id":22692,"href":"https:\/\/nuba.com\/mx\/wp-json\/wp\/v2\/pages\/6706\/revisions\/22692"}],"wp:attachment":[{"href":"https:\/\/nuba.com\/mx\/wp-json\/wp\/v2\/media?parent=6706"}],"curies":[{"name":"wp","href":"https:\/\/api.w.org\/{rel}","templated":true}]}}