{"id":23381,"date":"2025-04-15T04:42:46","date_gmt":"2025-04-15T04:42:46","guid":{"rendered":"https:\/\/nuba.com\/mx\/?page_id=23381"},"modified":"2025-05-20T17:22:38","modified_gmt":"2025-05-20T17:22:38","slug":"viajes-empresa","status":"publish","type":"page","link":"https:\/\/nuba.com\/mx\/viajes-empresa\/","title":{"rendered":"Empresas"},"content":{"rendered":"\t\t<div data-elementor-type=\"wp-page\" data-elementor-id=\"23381\" class=\"elementor elementor-23381\" data-elementor-post-type=\"page\">\n\t\t\t\t\t\t<section class=\"elementor-section elementor-top-section elementor-element elementor-element-bac7429 elementor-section-boxed elementor-section-height-default elementor-section-height-default\" data-id=\"bac7429\" data-element_type=\"section\" data-e-type=\"section\">\n\t\t\t\t\t\t<div class=\"elementor-container elementor-column-gap-default\">\n\t\t\t\t\t<div class=\"elementor-column elementor-col-100 elementor-top-column elementor-element elementor-element-baad418\" data-id=\"baad418\" data-element_type=\"column\" data-e-type=\"column\">\n\t\t\t<div class=\"elementor-widget-wrap\">\n\t\t\t\t\t\t\t<\/div>\n\t\t<\/div>\n\t\t\t\t\t<\/div>\n\t\t<\/section>\n\t\t\t\t<section class=\"elementor-section elementor-top-section elementor-element elementor-element-352f3c3 elementor-section-boxed elementor-section-height-default elementor-section-height-default\" data-id=\"352f3c3\" data-element_type=\"section\" data-e-type=\"section\" data-settings=\"{&quot;background_background&quot;:&quot;classic&quot;}\">\n\t\t\t\t\t\t<div class=\"elementor-container elementor-column-gap-no\">\n\t\t\t\t\t<div class=\"elementor-column elementor-col-100 elementor-top-column elementor-element elementor-element-48ac594\" data-id=\"48ac594\" data-element_type=\"column\" data-e-type=\"column\">\n\t\t\t<div class=\"elementor-widget-wrap elementor-element-populated\">\n\t\t\t\t\t\t<section class=\"elementor-section elementor-inner-section elementor-element elementor-element-d115c75 elementor-section-boxed elementor-section-height-default elementor-section-height-default\" data-id=\"d115c75\" data-element_type=\"section\" data-e-type=\"section\">\n\t\t\t\t\t\t<div class=\"elementor-container elementor-column-gap-no\">\n\t\t\t\t\t<div class=\"elementor-column elementor-col-100 elementor-inner-column elementor-element elementor-element-6b1541e\" data-id=\"6b1541e\" data-element_type=\"column\" data-e-type=\"column\">\n\t\t\t<div class=\"elementor-widget-wrap elementor-element-populated\">\n\t\t\t\t\t\t<div class=\"elementor-element elementor-element-5fc0d5c elementor-widget elementor-widget-image\" data-id=\"5fc0d5c\" data-element_type=\"widget\" data-e-type=\"widget\" data-widget_type=\"image.default\">\n\t\t\t\t<div class=\"elementor-widget-container\">\n\t\t\t\t\t\t\t\t\t\t\t\t\t\t\t<img fetchpriority=\"high\" decoding=\"async\" width=\"1920\" height=\"1080\" src=\"https:\/\/nuba.com\/mx\/wp-content\/uploads\/2025\/04\/b2b-boat-1.jpg\" class=\"attachment-full size-full wp-image-23386\" alt=\"\" srcset=\"https:\/\/nuba.com\/mx\/wp-content\/uploads\/2025\/04\/b2b-boat-1.jpg 1920w, https:\/\/nuba.com\/mx\/wp-content\/uploads\/2025\/04\/b2b-boat-1-300x169.jpg 300w, https:\/\/nuba.com\/mx\/wp-content\/uploads\/2025\/04\/b2b-boat-1-1024x576.jpg 1024w, https:\/\/nuba.com\/mx\/wp-content\/uploads\/2025\/04\/b2b-boat-1-768x432.jpg 768w, https:\/\/nuba.com\/mx\/wp-content\/uploads\/2025\/04\/b2b-boat-1-1536x864.jpg 1536w, https:\/\/nuba.com\/mx\/wp-content\/uploads\/2025\/04\/b2b-boat-1-739x416.jpg 739w, https:\/\/nuba.com\/mx\/wp-content\/uploads\/2025\/04\/b2b-boat-1-395x222.jpg 395w, https:\/\/nuba.com\/mx\/wp-content\/uploads\/2025\/04\/b2b-boat-1-788x443.jpg 788w, https:\/\/nuba.com\/mx\/wp-content\/uploads\/2025\/04\/b2b-boat-1-600x338.jpg 600w\" sizes=\"(max-width: 1920px) 100vw, 1920px\" \/>\t\t\t\t\t\t\t\t\t\t\t\t\t\t\t<\/div>\n\t\t\t\t<\/div>\n\t\t\t\t\t<\/div>\n\t\t<\/div>\n\t\t\t\t\t<\/div>\n\t\t<\/section>\n\t\t\t\t<section class=\"elementor-section elementor-inner-section elementor-element elementor-element-b400588 elementor-hidden-mobile elementor-section-boxed elementor-section-height-default elementor-section-height-default\" data-id=\"b400588\" data-element_type=\"section\" data-e-type=\"section\">\n\t\t\t\t\t\t<div class=\"elementor-container elementor-column-gap-no\">\n\t\t\t\t\t<div class=\"elementor-column elementor-col-100 elementor-inner-column elementor-element elementor-element-7d91a6b\" data-id=\"7d91a6b\" data-element_type=\"column\" data-e-type=\"column\">\n\t\t\t<div class=\"elementor-widget-wrap elementor-element-populated\">\n\t\t\t\t\t\t<div class=\"elementor-element elementor-element-8c31908 elementor-widget__width-auto elementor-widget elementor-widget-button\" data-id=\"8c31908\" data-element_type=\"widget\" data-e-type=\"widget\" data-widget_type=\"button.default\">\n\t\t\t\t<div class=\"elementor-widget-container\">\n\t\t\t\t\t\t\t\t\t<div class=\"elementor-button-wrapper\">\n\t\t\t\t\t<a class=\"elementor-button elementor-button-link elementor-size-sm\" href=\"https:\/\/nuba.com\/mx\">\n\t\t\t\t\t\t<span class=\"elementor-button-content-wrapper\">\n\t\t\t\t\t\t\t\t\t<span class=\"elementor-button-text\">Home \u2015<\/span>\n\t\t\t\t\t<\/span>\n\t\t\t\t\t<\/a>\n\t\t\t\t<\/div>\n\t\t\t\t\t\t\t\t<\/div>\n\t\t\t\t<\/div>\n\t\t\t\t<div class=\"elementor-element elementor-element-62c3c52 elementor-widget__width-auto elementor-widget elementor-widget-button\" data-id=\"62c3c52\" data-element_type=\"widget\" data-e-type=\"widget\" data-widget_type=\"button.default\">\n\t\t\t\t<div class=\"elementor-widget-container\">\n\t\t\t\t\t\t\t\t\t<div class=\"elementor-button-wrapper\">\n\t\t\t\t\t<a class=\"elementor-button elementor-size-sm\" role=\"button\">\n\t\t\t\t\t\t<span class=\"elementor-button-content-wrapper\">\n\t\t\t\t\t\t\t\t\t<span class=\"elementor-button-text\">Experiencias \u2015  <\/span>\n\t\t\t\t\t<\/span>\n\t\t\t\t\t<\/a>\n\t\t\t\t<\/div>\n\t\t\t\t\t\t\t\t<\/div>\n\t\t\t\t<\/div>\n\t\t\t\t<div class=\"elementor-element elementor-element-9ac2a8e elementor-widget__width-auto elementor-widget elementor-widget-button\" data-id=\"9ac2a8e\" data-element_type=\"widget\" data-e-type=\"widget\" data-widget_type=\"button.default\">\n\t\t\t\t<div class=\"elementor-widget-container\">\n\t\t\t\t\t\t\t\t\t<div class=\"elementor-button-wrapper\">\n\t\t\t\t\t<a class=\"elementor-button elementor-size-sm\" role=\"button\">\n\t\t\t\t\t\t<span class=\"elementor-button-content-wrapper\">\n\t\t\t\t\t\t\t\t\t<span class=\"elementor-button-text\">Empresas<\/span>\n\t\t\t\t\t<\/span>\n\t\t\t\t\t<\/a>\n\t\t\t\t<\/div>\n\t\t\t\t\t\t\t\t<\/div>\n\t\t\t\t<\/div>\n\t\t\t\t\t<\/div>\n\t\t<\/div>\n\t\t\t\t\t<\/div>\n\t\t<\/section>\n\t\t\t\t\t<\/div>\n\t\t<\/div>\n\t\t\t\t\t<\/div>\n\t\t<\/section>\n\t\t\t\t<section class=\"elementor-section elementor-top-section elementor-element elementor-element-e3ee7b3 elementor-section-boxed elementor-section-height-default elementor-section-height-default\" data-id=\"e3ee7b3\" data-element_type=\"section\" data-e-type=\"section\" data-settings=\"{&quot;background_background&quot;:&quot;classic&quot;}\">\n\t\t\t\t\t\t<div class=\"elementor-container elementor-column-gap-no\">\n\t\t\t\t\t<div class=\"elementor-column elementor-col-100 elementor-top-column elementor-element elementor-element-50ea120\" data-id=\"50ea120\" data-element_type=\"column\" data-e-type=\"column\">\n\t\t\t<div class=\"elementor-widget-wrap elementor-element-populated\">\n\t\t\t\t\t\t<div class=\"elementor-element elementor-element-2965133 elementor-widget elementor-widget-heading\" data-id=\"2965133\" data-element_type=\"widget\" data-e-type=\"widget\" data-widget_type=\"heading.default\">\n\t\t\t\t<div class=\"elementor-widget-container\">\n\t\t\t\t\t<h1 class=\"elementor-heading-title elementor-size-default\">Viajes de incentivos y eventos<\/h1>\t\t\t\t<\/div>\n\t\t\t\t<\/div>\n\t\t\t\t<div class=\"elementor-element elementor-element-4a33286 elementor-widget__width-initial elementor-widget elementor-widget-heading\" data-id=\"4a33286\" data-element_type=\"widget\" data-e-type=\"widget\" data-widget_type=\"heading.default\">\n\t\t\t\t<div class=\"elementor-widget-container\">\n\t\t\t\t\t<p class=\"elementor-heading-title elementor-size-default\">NUBA tiene m\u00e1s de 25 a\u00f1os de experiencia dise\u00f1ando viajes para empresas y experiencias \u00fanicas para grupos y viajeros individuales. En NUBA agencia de viajes nuestra especialidad son los servicios exclusivos y personalizados. Nuestro compromiso es la m\u00e1xima calidad: transformamos cada viaje y evento en un momento inolvidable y a la medida, dise\u00f1ado para superar las m\u00e1s grandes expectativas.<\/p>\t\t\t\t<\/div>\n\t\t\t\t<\/div>\n\t\t\t\t\t<\/div>\n\t\t<\/div>\n\t\t\t\t\t<\/div>\n\t\t<\/section>\n\t\t\t\t<section class=\"elementor-section elementor-top-section elementor-element elementor-element-e60d124 elementor-section-boxed elementor-section-height-default elementor-section-height-default\" data-id=\"e60d124\" data-element_type=\"section\" data-e-type=\"section\" data-settings=\"{&quot;background_background&quot;:&quot;classic&quot;}\">\n\t\t\t\t\t\t<div class=\"elementor-container elementor-column-gap-no\">\n\t\t\t\t\t<div class=\"elementor-column elementor-col-100 elementor-top-column elementor-element elementor-element-70c4859\" data-id=\"70c4859\" data-element_type=\"column\" data-e-type=\"column\">\n\t\t\t<div class=\"elementor-widget-wrap elementor-element-populated\">\n\t\t\t\t\t\t<section class=\"elementor-section elementor-inner-section elementor-element elementor-element-7818f3d elementor-section-boxed elementor-section-height-default elementor-section-height-default\" data-id=\"7818f3d\" data-element_type=\"section\" data-e-type=\"section\">\n\t\t\t\t\t\t<div class=\"elementor-container elementor-column-gap-no\">\n\t\t\t\t\t<div class=\"elementor-column elementor-col-50 elementor-inner-column elementor-element elementor-element-13b0643\" data-id=\"13b0643\" data-element_type=\"column\" data-e-type=\"column\">\n\t\t\t<div class=\"elementor-widget-wrap elementor-element-populated\">\n\t\t\t\t\t\t<div class=\"elementor-element elementor-element-f392d93 elementor-widget elementor-widget-image\" data-id=\"f392d93\" data-element_type=\"widget\" data-e-type=\"widget\" data-widget_type=\"image.default\">\n\t\t\t\t<div class=\"elementor-widget-container\">\n\t\t\t\t\t\t\t\t\t\t\t\t\t\t\t\t<a href=\"https:\/\/nuba.com\/mx\/viajes-empresa\/incentivos\/\">\n\t\t\t\t\t\t\t<img decoding=\"async\" width=\"900\" height=\"587\" src=\"https:\/\/nuba.com\/mx\/wp-content\/uploads\/2025\/04\/NUBA-Incentivos_Home.jpg\" class=\"attachment-full size-full wp-image-23387\" alt=\"\" srcset=\"https:\/\/nuba.com\/mx\/wp-content\/uploads\/2025\/04\/NUBA-Incentivos_Home.jpg 900w, https:\/\/nuba.com\/mx\/wp-content\/uploads\/2025\/04\/NUBA-Incentivos_Home-300x196.jpg 300w, https:\/\/nuba.com\/mx\/wp-content\/uploads\/2025\/04\/NUBA-Incentivos_Home-768x501.jpg 768w, https:\/\/nuba.com\/mx\/wp-content\/uploads\/2025\/04\/NUBA-Incentivos_Home-739x482.jpg 739w, https:\/\/nuba.com\/mx\/wp-content\/uploads\/2025\/04\/NUBA-Incentivos_Home-395x258.jpg 395w, https:\/\/nuba.com\/mx\/wp-content\/uploads\/2025\/04\/NUBA-Incentivos_Home-788x514.jpg 788w, https:\/\/nuba.com\/mx\/wp-content\/uploads\/2025\/04\/NUBA-Incentivos_Home-600x391.jpg 600w\" sizes=\"(max-width: 900px) 100vw, 900px\" \/>\t\t\t\t\t\t\t\t<\/a>\n\t\t\t\t\t\t\t\t\t\t\t\t\t\t\t<\/div>\n\t\t\t\t<\/div>\n\t\t\t\t<div class=\"elementor-element elementor-element-041ab1c elementor-widget elementor-widget-heading\" data-id=\"041ab1c\" data-element_type=\"widget\" data-e-type=\"widget\" data-widget_type=\"heading.default\">\n\t\t\t\t<div class=\"elementor-widget-container\">\n\t\t\t\t\t<h3 class=\"elementor-heading-title elementor-size-default\"><a href=\"https:\/\/nuba.com\/mx\/viajes-empresa\/incentivos\/\">NUBA Incentivos<\/a><\/h3>\t\t\t\t<\/div>\n\t\t\t\t<\/div>\n\t\t\t\t<div class=\"elementor-element elementor-element-209bcda elementor-widget elementor-widget-text-editor\" data-id=\"209bcda\" data-element_type=\"widget\" data-e-type=\"widget\" data-widget_type=\"text-editor.default\">\n\t\t\t\t<div class=\"elementor-widget-container\">\n\t\t\t\t\t\t\t\t\t<p><span style=\"font-weight: 400;\">NUBA es l\u00edder en el dise\u00f1o de experiencias exclusivas: <\/span><span style=\"font-weight: 400;\">viajes de incentivos para empresas<\/span><span style=\"font-weight: 400;\"> y eventos corporativos en M\u00e9xico. Con un enfoque personalizado y de excelencia, creamos actividades \u00fanicas que inspiran, motivan y fortalecen colectivos e individuos.<\/span><\/p>\t\t\t\t\t\t\t\t<\/div>\n\t\t\t\t<\/div>\n\t\t\t\t<div class=\"elementor-element elementor-element-09ed3e5 elementor-align-left elementor-widget elementor-widget-button\" data-id=\"09ed3e5\" data-element_type=\"widget\" data-e-type=\"widget\" data-widget_type=\"button.default\">\n\t\t\t\t<div class=\"elementor-widget-container\">\n\t\t\t\t\t\t\t\t\t<div class=\"elementor-button-wrapper\">\n\t\t\t\t\t<a class=\"elementor-button elementor-button-link elementor-size-sm\" href=\"https:\/\/nuba.com\/mx\/viajes-empresa\/incentivos\/\">\n\t\t\t\t\t\t<span class=\"elementor-button-content-wrapper\">\n\t\t\t\t\t\t\t\t\t<span class=\"elementor-button-text\">ir a incentivos<\/span>\n\t\t\t\t\t<\/span>\n\t\t\t\t\t<\/a>\n\t\t\t\t<\/div>\n\t\t\t\t\t\t\t\t<\/div>\n\t\t\t\t<\/div>\n\t\t\t\t\t<\/div>\n\t\t<\/div>\n\t\t\t\t<div class=\"elementor-column elementor-col-50 elementor-inner-column elementor-element elementor-element-a7475d1\" data-id=\"a7475d1\" data-element_type=\"column\" data-e-type=\"column\">\n\t\t\t<div class=\"elementor-widget-wrap elementor-element-populated\">\n\t\t\t\t\t\t<div class=\"elementor-element elementor-element-3e92bb2 elementor-widget elementor-widget-image\" data-id=\"3e92bb2\" data-element_type=\"widget\" data-e-type=\"widget\" data-widget_type=\"image.default\">\n\t\t\t\t<div class=\"elementor-widget-container\">\n\t\t\t\t\t\t\t\t\t\t\t\t\t\t\t\t<a href=\"https:\/\/nuba.com\/mx\/empresas\/eventos\/\">\n\t\t\t\t\t\t\t<img decoding=\"async\" width=\"1920\" height=\"1247\" src=\"https:\/\/nuba.com\/mx\/wp-content\/uploads\/2025\/04\/Eventos-para-empresas.jpg\" class=\"attachment-full size-full wp-image-23388\" alt=\"\" srcset=\"https:\/\/nuba.com\/mx\/wp-content\/uploads\/2025\/04\/Eventos-para-empresas.jpg 1920w, https:\/\/nuba.com\/mx\/wp-content\/uploads\/2025\/04\/Eventos-para-empresas-300x195.jpg 300w, https:\/\/nuba.com\/mx\/wp-content\/uploads\/2025\/04\/Eventos-para-empresas-1024x665.jpg 1024w, https:\/\/nuba.com\/mx\/wp-content\/uploads\/2025\/04\/Eventos-para-empresas-768x499.jpg 768w, https:\/\/nuba.com\/mx\/wp-content\/uploads\/2025\/04\/Eventos-para-empresas-1536x998.jpg 1536w, https:\/\/nuba.com\/mx\/wp-content\/uploads\/2025\/04\/Eventos-para-empresas-739x480.jpg 739w, https:\/\/nuba.com\/mx\/wp-content\/uploads\/2025\/04\/Eventos-para-empresas-395x257.jpg 395w, https:\/\/nuba.com\/mx\/wp-content\/uploads\/2025\/04\/Eventos-para-empresas-788x512.jpg 788w, https:\/\/nuba.com\/mx\/wp-content\/uploads\/2025\/04\/Eventos-para-empresas-600x390.jpg 600w\" sizes=\"(max-width: 1920px) 100vw, 1920px\" \/>\t\t\t\t\t\t\t\t<\/a>\n\t\t\t\t\t\t\t\t\t\t\t\t\t\t\t<\/div>\n\t\t\t\t<\/div>\n\t\t\t\t<div class=\"elementor-element elementor-element-cedcbea elementor-widget elementor-widget-heading\" data-id=\"cedcbea\" data-element_type=\"widget\" data-e-type=\"widget\" data-widget_type=\"heading.default\">\n\t\t\t\t<div class=\"elementor-widget-container\">\n\t\t\t\t\t<h3 class=\"elementor-heading-title elementor-size-default\"><a href=\"https:\/\/nuba.com\/mx\/empresas\/eventos\/\">NUBA Eventos<\/a><\/h3>\t\t\t\t<\/div>\n\t\t\t\t<\/div>\n\t\t\t\t<div class=\"elementor-element elementor-element-3c38d79 elementor-widget elementor-widget-text-editor\" data-id=\"3c38d79\" data-element_type=\"widget\" data-e-type=\"widget\" data-widget_type=\"text-editor.default\">\n\t\t\t\t<div class=\"elementor-widget-container\">\n\t\t\t\t\t\t\t\t\t<p><span style=\"font-weight: 400;\">Como <\/span><span style=\"font-weight: 400;\">agencia de viajes corporativos<\/span><span style=\"font-weight: 400;\"> referente en el sector de <\/span><span style=\"font-weight: 400;\">empresas de viajes<\/span><span style=\"font-weight: 400;\">, contamos con un servicio integral especializado en comunicaci\u00f3n y organizaci\u00f3n de eventos. Dise\u00f1amos experiencias de lujo que potencian cada viaje corporativo, lanzamiento de producto y reuni\u00f3n estrat\u00e9gica en M\u00e9xico.<\/span><\/p>\t\t\t\t\t\t\t\t<\/div>\n\t\t\t\t<\/div>\n\t\t\t\t<div class=\"elementor-element elementor-element-eb00e63 elementor-align-left elementor-widget elementor-widget-button\" data-id=\"eb00e63\" data-element_type=\"widget\" data-e-type=\"widget\" data-widget_type=\"button.default\">\n\t\t\t\t<div class=\"elementor-widget-container\">\n\t\t\t\t\t\t\t\t\t<div class=\"elementor-button-wrapper\">\n\t\t\t\t\t<a class=\"elementor-button elementor-button-link elementor-size-sm\" href=\"https:\/\/nuba.com\/mx\/empresas\/eventos\/\">\n\t\t\t\t\t\t<span class=\"elementor-button-content-wrapper\">\n\t\t\t\t\t\t\t\t\t<span class=\"elementor-button-text\">ir a EVENTOS<\/span>\n\t\t\t\t\t<\/span>\n\t\t\t\t\t<\/a>\n\t\t\t\t<\/div>\n\t\t\t\t\t\t\t\t<\/div>\n\t\t\t\t<\/div>\n\t\t\t\t\t<\/div>\n\t\t<\/div>\n\t\t\t\t\t<\/div>\n\t\t<\/section>\n\t\t\t\t\t<\/div>\n\t\t<\/div>\n\t\t\t\t\t<\/div>\n\t\t<\/section>\n\t\t\t\t<\/div>\n\t\t","protected":false},"excerpt":{"rendered":"<p>Home \u2015 Experiencias \u2015 Empresas Viajes de incentivos y eventos NUBA tiene m\u00e1s de 25 a\u00f1os de experiencia dise\u00f1ando viajes para empresas y experiencias \u00fanicas para grupos y viajeros individuales. En NUBA agencia de viajes nuestra especialidad son los servicios exclusivos y personalizados. Nuestro compromiso es la m\u00e1xima calidad: transformamos cada viaje y evento en [&hellip;]<\/p>\n","protected":false},"author":38,"featured_media":0,"parent":0,"menu_order":0,"comment_status":"closed","ping_status":"closed","template":"elementor_header_footer","meta":{"footnotes":""},"class_list":["post-23381","page","type-page","status-publish","hentry"],"_links":{"self":[{"href":"https:\/\/nuba.com\/mx\/wp-json\/wp\/v2\/pages\/23381","targetHints":{"allow":["GET"]}}],"collection":[{"href":"https:\/\/nuba.com\/mx\/wp-json\/wp\/v2\/pages"}],"about":[{"href":"https:\/\/nuba.com\/mx\/wp-json\/wp\/v2\/types\/page"}],"author":[{"embeddable":true,"href":"https:\/\/nuba.com\/mx\/wp-json\/wp\/v2\/users\/38"}],"replies":[{"embeddable":true,"href":"https:\/\/nuba.com\/mx\/wp-json\/wp\/v2\/comments?post=23381"}],"version-history":[{"count":45,"href":"https:\/\/nuba.com\/mx\/wp-json\/wp\/v2\/pages\/23381\/revisions"}],"predecessor-version":[{"id":23923,"href":"https:\/\/nuba.com\/mx\/wp-json\/wp\/v2\/pages\/23381\/revisions\/23923"}],"wp:attachment":[{"href":"https:\/\/nuba.com\/mx\/wp-json\/wp\/v2\/media?parent=23381"}],"curies":[{"name":"wp","href":"https:\/\/api.w.org\/{rel}","templated":true}]}}